{"id":932,"date":"2023-10-04T11:36:43","date_gmt":"2023-10-04T16:36:43","guid":{"rendered":"https:\/\/pacuidarte.com\/?post_type=product&#038;p=932"},"modified":"2024-09-17T17:57:15","modified_gmt":"2024-09-17T22:57:15","slug":"lima-para-bebes-y-ninos","status":"publish","type":"product","link":"https:\/\/pacuidarte.com\/index.php\/producto\/lima-para-bebes-y-ninos\/","title":{"rendered":"Lima para beb\u00e9s y ni\u00f1os"},"content":{"rendered":"<p class=\"selectable-text copyable-text iq0m558w g0rxnol2\" dir=\"ltr\"><strong><span class=\"selectable-text copyable-text\">\u00a1Es mejor limar que cortar!<\/span><\/strong><\/p>\n<p class=\"selectable-text copyable-text iq0m558w g0rxnol2\" dir=\"ltr\"><span class=\"selectable-text copyable-text\">Esta maravillosa lima hecha en cristal es perfecta para limar esas peque\u00f1as u\u00f1itas de beb\u00e9s y ni\u00f1os. Por su eficiencia, la u\u00f1ita estar\u00e1 m\u00e1s corta en segundos y no correr\u00e1s el riesgo de lastimar la piel de tu peque\u00f1o.<\/span><\/p>\n<ul>\n<li class=\"selectable-text copyable-text iq0m558w g0rxnol2\" dir=\"ltr\"><span class=\"selectable-text copyable-text\">Tiene una punta redonda que proporciona mayor seguridad<\/span><\/li>\n<li class=\"selectable-text copyable-text iq0m558w g0rxnol2\" dir=\"ltr\"><span class=\"selectable-text copyable-text\">F\u00e1cil de lavar: Agua y jab\u00f3n<\/span><\/li>\n<li class=\"selectable-text copyable-text iq0m558w g0rxnol2\" dir=\"ltr\"><span class=\"selectable-text copyable-text\">Suave e higi\u00e9nica<\/span><\/li>\n<\/ul>\n","protected":false},"excerpt":{"rendered":"<p>\u00a1Es mejor limar que cortar! Esta maravillosa lima hecha en cristal es perfecta para limar esas peque\u00f1as u\u00f1itas de beb\u00e9s y ni\u00f1os. Por su eficiencia, la u\u00f1ita estar\u00e1 m\u00e1s corta en segundos y no correr\u00e1s el riesgo de lastimar la piel de tu peque\u00f1o. Tiene una punta redonda que proporciona mayor seguridad F\u00e1cil de lavar: [&hellip;]<\/p>\n","protected":false},"featured_media":949,"comment_status":"open","ping_status":"closed","template":"","meta":{"_joinchat":[]},"product_cat":[32],"product_tag":[],"jetpack_sharing_enabled":true,"_links":{"self":[{"href":"https:\/\/pacuidarte.com\/index.php\/wp-json\/wp\/v2\/product\/932"}],"collection":[{"href":"https:\/\/pacuidarte.com\/index.php\/wp-json\/wp\/v2\/product"}],"about":[{"href":"https:\/\/pacuidarte.com\/index.php\/wp-json\/wp\/v2\/types\/product"}],"replies":[{"embeddable":true,"href":"https:\/\/pacuidarte.com\/index.php\/wp-json\/wp\/v2\/comments?post=932"}],"wp:featuredmedia":[{"embeddable":true,"href":"https:\/\/pacuidarte.com\/index.php\/wp-json\/wp\/v2\/media\/949"}],"wp:attachment":[{"href":"https:\/\/pacuidarte.com\/index.php\/wp-json\/wp\/v2\/media?parent=932"}],"wp:term":[{"taxonomy":"product_cat","embeddable":true,"href":"https:\/\/pacuidarte.com\/index.php\/wp-json\/wp\/v2\/product_cat?post=932"},{"taxonomy":"product_tag","embeddable":true,"href":"https:\/\/pacuidarte.com\/index.php\/wp-json\/wp\/v2\/product_tag?post=932"}],"curies":[{"name":"wp","href":"https:\/\/api.w.org\/{rel}","templated":true}]}}