{"id":457,"date":"2023-09-19T22:10:33","date_gmt":"2023-09-19T22:10:33","guid":{"rendered":"https:\/\/pacuidarte.com\/?post_type=product&#038;p=457"},"modified":"2024-10-14T18:38:14","modified_gmt":"2024-10-14T23:38:14","slug":"serum-despigmentante","status":"publish","type":"product","link":"https:\/\/pacuidarte.com\/index.php\/producto\/serum-despigmentante\/","title":{"rendered":"S\u00e9rum despigmentante"},"content":{"rendered":"<p>F\u00f3rmula natural libre de aceites, con una mezcla de 7 extractos vegetales colombianos que tienen propiedad despigmentante, m\u00e1s 5 % de Vitamina C que potencia su efecto, adem\u00e1s de luminosidad, tiene propiedad antiedad y mantiene una piel sana.<\/p>\n<p>Se puede usar en contorno de ojos ya que no tiene aceites esenciales ni aromas o ingredientes que generen irritaci\u00f3n en los ojos, ideal para dar luminosidad y evitar la coloraci\u00f3n de esta zona.<\/p>\n<p><strong>EXTRACTOS QUE CONTIENE:<\/strong><\/p>\n<p>Uchuva, Kiwi, Regal\u00edz, Azucena, Milenrama, Gayuba, Perejil, m\u00e1s vitamina C.<\/p>\n<p><strong>\u00bfC\u00d3MO ACT\u00daA?<\/strong><\/p>\n<ul>\n<li>Empareja el tono de la piel y le da luminosidad.<\/li>\n<li>Propiedad altamente antioxidante.<\/li>\n<li>Disminuye la producci\u00f3n de melanina en las manchas existentes y evita que salgan nuevas.<\/li>\n<li>No tiene efecto peeling, esto quiere decir que no descama la piel, ya que no contiene en sus ingredientes ning\u00fan \u00e1cido de acci\u00f3n exfoliante-despigmentante.<\/li>\n<li>Disminuye manchas de acn\u00e9, del sol y de la edad, entre otras.<\/li>\n<\/ul>\n<p>Sus resultados son visibles de <strong>3 a 4 semanas<\/strong> de uso constante.<\/p>\n<p><strong>\u00bfPARA QU\u00c9 TIPOS DE PIEL?<\/strong><\/p>\n<p>Se puede usar en <strong>piel grasa, mixta o seca<\/strong>, debido a que su f\u00f3rmula es oil free y no comedog\u00e9nica. La vitamina C (AA2G) que se usa en la f\u00f3rmula es ideal para piel sensible, sin embargo, en este tipo de piel es recomendable verificar los ingredientes y extractos para asegurarse de que no tenga reacci\u00f3n conocida a alguno.<\/p>\n","protected":false},"excerpt":{"rendered":"<p>F\u00f3rmula natural libre de aceites, con una mezcla de 7 extractos vegetales colombianos que tienen propiedad despigmentante, m\u00e1s 5 % de Vitamina C que potencia su efecto, adem\u00e1s de luminosidad, tiene propiedad antiedad y mantiene una piel sana. Se puede usar en contorno de ojos ya que no tiene aceites esenciales ni aromas o ingredientes [&hellip;]<\/p>\n","protected":false},"featured_media":1345,"comment_status":"open","ping_status":"closed","template":"","meta":{"_joinchat":[]},"product_cat":[18],"product_tag":[],"jetpack_sharing_enabled":true,"_links":{"self":[{"href":"https:\/\/pacuidarte.com\/index.php\/wp-json\/wp\/v2\/product\/457"}],"collection":[{"href":"https:\/\/pacuidarte.com\/index.php\/wp-json\/wp\/v2\/product"}],"about":[{"href":"https:\/\/pacuidarte.com\/index.php\/wp-json\/wp\/v2\/types\/product"}],"replies":[{"embeddable":true,"href":"https:\/\/pacuidarte.com\/index.php\/wp-json\/wp\/v2\/comments?post=457"}],"wp:featuredmedia":[{"embeddable":true,"href":"https:\/\/pacuidarte.com\/index.php\/wp-json\/wp\/v2\/media\/1345"}],"wp:attachment":[{"href":"https:\/\/pacuidarte.com\/index.php\/wp-json\/wp\/v2\/media?parent=457"}],"wp:term":[{"taxonomy":"product_cat","embeddable":true,"href":"https:\/\/pacuidarte.com\/index.php\/wp-json\/wp\/v2\/product_cat?post=457"},{"taxonomy":"product_tag","embeddable":true,"href":"https:\/\/pacuidarte.com\/index.php\/wp-json\/wp\/v2\/product_tag?post=457"}],"curies":[{"name":"wp","href":"https:\/\/api.w.org\/{rel}","templated":true}]}}