{"id":452,"date":"2023-09-19T22:09:32","date_gmt":"2023-09-19T22:09:32","guid":{"rendered":"https:\/\/pacuidarte.com\/?post_type=product&#038;p=452"},"modified":"2024-01-23T11:44:01","modified_gmt":"2024-01-23T16:44:01","slug":"serum-astringente","status":"publish","type":"product","link":"https:\/\/pacuidarte.com\/index.php\/producto\/serum-astringente\/","title":{"rendered":"S\u00e9rum purificante (astringente)"},"content":{"rendered":"<p>F\u00f3rmula natural libre de aceites, con una mezcla de 6 extractos vegetales colombianos que controlan la producci\u00f3n de <strong>grasa<\/strong>, tienen propiedades purificantes, depurativas y antimicrobianas para mantener una piel limpia y libre de impurezas; adem\u00e1s, su contenido de Manzanilla disminuye los procesos inflamatorios. Lo anterior con el fin de mejorar el aspecto de una <strong>piel mixta, grasa o con tendencia acn\u00e9 o puntos negros.<\/strong><\/p>\n<p><strong>EXTRACTOS QUE CONTIENE:<\/strong><br \/>\nBardana, Lim\u00f3n, Capuchina, Ortiga, Chile, Tomillo y Manzanilla.<\/p>\n<p><strong>\u00bfC\u00d3MO ACT\u00daA?<\/strong><\/p>\n<ul>\n<li>Purifica la piel y la mantiene limpia, debido a que tiene extractos como la Bardana y el lim\u00f3n con propiedad antibi\u00f3tica, depurativa y antimicrobiana<\/li>\n<li>Controla la producci\u00f3n de grasa, esto evita que se tapen los poros y as\u00ed mismo evita que se generen comedones o puntos negros.<\/li>\n<li>Disminuye la apariencia de los poros, gracias a que los mantiene libres de impurezas por su propiedad astringente y purificante.<\/li>\n<li>Por su contenido de Manzanilla controla los procesos inflamatorios del acn\u00e9.<\/li>\n<\/ul>\n<p><strong>\u00bfPARA QU\u00c9 TIPOS DE PIEL?<\/strong><br \/>\nEspecial para piel grasa, mixta o con tendencia acn\u00e9 y puntos negros. En una piel sensible es recomendable verificar los ingredientes y extractos para asegurarse de que no tenga reacci\u00f3n o sensibilidad conocida a alguno de ellos.<\/p>\n","protected":false},"excerpt":{"rendered":"<p>F\u00f3rmula natural libre de aceites, con una mezcla de 6 extractos vegetales colombianos que controlan la producci\u00f3n de grasa, tienen propiedades purificantes, depurativas y antimicrobianas para mantener una piel limpia y libre de impurezas; adem\u00e1s, su contenido de Manzanilla disminuye los procesos inflamatorios. Lo anterior con el fin de mejorar el aspecto de una piel [&hellip;]<\/p>\n","protected":false},"featured_media":1348,"comment_status":"open","ping_status":"closed","template":"","meta":{"_joinchat":[]},"product_cat":[18],"product_tag":[],"jetpack_sharing_enabled":true,"_links":{"self":[{"href":"https:\/\/pacuidarte.com\/index.php\/wp-json\/wp\/v2\/product\/452"}],"collection":[{"href":"https:\/\/pacuidarte.com\/index.php\/wp-json\/wp\/v2\/product"}],"about":[{"href":"https:\/\/pacuidarte.com\/index.php\/wp-json\/wp\/v2\/types\/product"}],"replies":[{"embeddable":true,"href":"https:\/\/pacuidarte.com\/index.php\/wp-json\/wp\/v2\/comments?post=452"}],"wp:featuredmedia":[{"embeddable":true,"href":"https:\/\/pacuidarte.com\/index.php\/wp-json\/wp\/v2\/media\/1348"}],"wp:attachment":[{"href":"https:\/\/pacuidarte.com\/index.php\/wp-json\/wp\/v2\/media?parent=452"}],"wp:term":[{"taxonomy":"product_cat","embeddable":true,"href":"https:\/\/pacuidarte.com\/index.php\/wp-json\/wp\/v2\/product_cat?post=452"},{"taxonomy":"product_tag","embeddable":true,"href":"https:\/\/pacuidarte.com\/index.php\/wp-json\/wp\/v2\/product_tag?post=452"}],"curies":[{"name":"wp","href":"https:\/\/api.w.org\/{rel}","templated":true}]}}