{"id":444,"date":"2023-09-19T21:56:09","date_gmt":"2023-09-19T21:56:09","guid":{"rendered":"https:\/\/pacuidarte.com\/?post_type=product&#038;p=444"},"modified":"2025-06-15T18:03:22","modified_gmt":"2025-06-15T23:03:22","slug":"sombra-vegana-y-natural","status":"publish","type":"product","link":"https:\/\/pacuidarte.com\/index.php\/producto\/sombra-vegana-y-natural\/","title":{"rendered":"Sombra vegana y natural"},"content":{"rendered":"<p>Ponte creativa y dale color a tus ojos con estas hermosas sombras naturales, veganas, cruelty free, libres de petr\u00f3leos y empaques pl\u00e1sticos. Su pigmentaci\u00f3n es espectacular y vienen en 13 lindos tonos.<\/p>\n<p><strong>Ingredientes:<\/strong><\/p>\n<ul>\n<li>\u00d3xido de hierro<\/li>\n<li>Polvo de arroz<\/li>\n<li>Extracto de aloe vera<\/li>\n<li>\u00d3xido de Titanio<\/li>\n<li>Mica<\/li>\n<\/ul>\n<p><strong>Contenido:<\/strong> 7 g<\/p>\n<p>Producto colombiano hecho a mano<\/p>\n","protected":false},"excerpt":{"rendered":"<p>Ponte creativa y dale color a tus ojos con estas hermosas sombras naturales, veganas, cruelty free, libres de petr\u00f3leos y empaques pl\u00e1sticos. Su pigmentaci\u00f3n es espectacular y vienen en 13 lindos tonos. Ingredientes: \u00d3xido de hierro Polvo de arroz Extracto de aloe vera \u00d3xido de Titanio Mica Contenido: 7 g Producto colombiano hecho a mano<\/p>\n","protected":false},"featured_media":2523,"comment_status":"open","ping_status":"closed","template":"","meta":{"_joinchat":[]},"product_cat":[18,17,27],"product_tag":[],"jetpack_sharing_enabled":true,"_links":{"self":[{"href":"https:\/\/pacuidarte.com\/index.php\/wp-json\/wp\/v2\/product\/444"}],"collection":[{"href":"https:\/\/pacuidarte.com\/index.php\/wp-json\/wp\/v2\/product"}],"about":[{"href":"https:\/\/pacuidarte.com\/index.php\/wp-json\/wp\/v2\/types\/product"}],"replies":[{"embeddable":true,"href":"https:\/\/pacuidarte.com\/index.php\/wp-json\/wp\/v2\/comments?post=444"}],"wp:featuredmedia":[{"embeddable":true,"href":"https:\/\/pacuidarte.com\/index.php\/wp-json\/wp\/v2\/media\/2523"}],"wp:attachment":[{"href":"https:\/\/pacuidarte.com\/index.php\/wp-json\/wp\/v2\/media?parent=444"}],"wp:term":[{"taxonomy":"product_cat","embeddable":true,"href":"https:\/\/pacuidarte.com\/index.php\/wp-json\/wp\/v2\/product_cat?post=444"},{"taxonomy":"product_tag","embeddable":true,"href":"https:\/\/pacuidarte.com\/index.php\/wp-json\/wp\/v2\/product_tag?post=444"}],"curies":[{"name":"wp","href":"https:\/\/api.w.org\/{rel}","templated":true}]}}