{"id":438,"date":"2023-09-19T21:42:30","date_gmt":"2023-09-19T21:42:30","guid":{"rendered":"https:\/\/pacuidarte.com\/?post_type=product&#038;p=438"},"modified":"2025-06-15T18:03:22","modified_gmt":"2025-06-15T23:03:22","slug":"rubor-vegano-y-natural","status":"publish","type":"product","link":"https:\/\/pacuidarte.com\/index.php\/producto\/rubor-vegano-y-natural\/","title":{"rendered":"Rubor vegano y natural"},"content":{"rendered":"<p>Dentro del maquillaje natural ofrecemos tres tonos del rubor en crayola (rosa, tatacoa, fuego) con una f\u00f3rmula a base de ceras y aceites vegetales que son muy suaves con tu piel. Todos los colores dan un look muy natural a la piel y aportan luminosidad.<\/p>\n<ul>\n<li><strong class=\"x-el x-el-span c2-33 c2-34 c2-3 c2-7m c2-1g c2-6s c2-7n\">\u00a0<\/strong>Producto Natural y Vegano<\/li>\n<li>\u00a0A base de Ceras y Aceites vegetales<\/li>\n<li>Tres hermosos tonos<\/li>\n<li>Empaque Reciclable<\/li>\n<li>Aplicaci\u00f3n Innovadora<\/li>\n<li>Hecho en Colombia<\/li>\n<\/ul>\n<p>Modo de uso de las crayolas de rubor:<\/p>\n<ul>\n<li>Opci\u00f3n 1: Aplica directamente el producto en forma de l\u00ednea o c\u00edrculo sobre tu rostro y difumina con tus dedos.<\/li>\n<li>Opci\u00f3n 2: Toma un poco de producto frotando la yema de tus dedos contra la crayola y aplica el producto en tu rostro mientras difuminas.<\/li>\n<li>Opci\u00f3n 3: Usa el rubor como labial! Apl\u00edcalo luego de humectar tus labios.<\/li>\n<\/ul>\n<p>El empaque de las crayolas es reciclable, de cart\u00f3n y papel pensado para no generar desechos una vez el producto se acabe.<\/p>\n<p>A medida que usas tu crayola de rubor, rasga el papel que la envuelve para seguir utiliz\u00e1ndola.<\/p>\n<p><strong>Contenido:<\/strong> 4.4 g<\/p>\n","protected":false},"excerpt":{"rendered":"<p>Dentro del maquillaje natural ofrecemos tres tonos del rubor en crayola (rosa, tatacoa, fuego) con una f\u00f3rmula a base de ceras y aceites vegetales que son muy suaves con tu piel. Todos los colores dan un look muy natural a la piel y aportan luminosidad. \u00a0Producto Natural y Vegano \u00a0A base de Ceras y Aceites [&hellip;]<\/p>\n","protected":false},"featured_media":713,"comment_status":"open","ping_status":"closed","template":"","meta":{"_joinchat":[]},"product_cat":[27],"product_tag":[],"jetpack_sharing_enabled":true,"_links":{"self":[{"href":"https:\/\/pacuidarte.com\/index.php\/wp-json\/wp\/v2\/product\/438"}],"collection":[{"href":"https:\/\/pacuidarte.com\/index.php\/wp-json\/wp\/v2\/product"}],"about":[{"href":"https:\/\/pacuidarte.com\/index.php\/wp-json\/wp\/v2\/types\/product"}],"replies":[{"embeddable":true,"href":"https:\/\/pacuidarte.com\/index.php\/wp-json\/wp\/v2\/comments?post=438"}],"wp:featuredmedia":[{"embeddable":true,"href":"https:\/\/pacuidarte.com\/index.php\/wp-json\/wp\/v2\/media\/713"}],"wp:attachment":[{"href":"https:\/\/pacuidarte.com\/index.php\/wp-json\/wp\/v2\/media?parent=438"}],"wp:term":[{"taxonomy":"product_cat","embeddable":true,"href":"https:\/\/pacuidarte.com\/index.php\/wp-json\/wp\/v2\/product_cat?post=438"},{"taxonomy":"product_tag","embeddable":true,"href":"https:\/\/pacuidarte.com\/index.php\/wp-json\/wp\/v2\/product_tag?post=438"}],"curies":[{"name":"wp","href":"https:\/\/api.w.org\/{rel}","templated":true}]}}