{"id":434,"date":"2023-09-19T21:35:55","date_gmt":"2023-09-19T21:35:55","guid":{"rendered":"https:\/\/pacuidarte.com\/?post_type=product&#038;p=434"},"modified":"2025-10-16T18:44:28","modified_gmt":"2025-10-16T23:44:28","slug":"hidratante-y-protector-labial","status":"publish","type":"product","link":"https:\/\/pacuidarte.com\/index.php\/producto\/hidratante-y-protector-labial\/","title":{"rendered":"Hidratante y protector labial"},"content":{"rendered":"<p>Hechos a base de ingredientes naturales como Cal\u00e9ndula, Manzanilla y Aceite de Oliva. La combinaci\u00f3n de estos ingredientes forman una barrera que protege los labios de los agentes externos como el sol, el viento y la poluci\u00f3n, aport\u00e1ndoles hidrataci\u00f3n y nutrici\u00f3n.<\/p>\n","protected":false},"excerpt":{"rendered":"<p>Hechos a base de ingredientes naturales como Cal\u00e9ndula, Manzanilla y Aceite de Oliva. La combinaci\u00f3n de estos ingredientes forman una barrera que protege los labios de los agentes externos como el sol, el viento y la poluci\u00f3n, aport\u00e1ndoles hidrataci\u00f3n y nutrici\u00f3n.<\/p>\n","protected":false},"featured_media":714,"comment_status":"open","ping_status":"closed","template":"","meta":{"_joinchat":[]},"product_cat":[18,24],"product_tag":[112,57,198,99,106,58],"jetpack_sharing_enabled":true,"_links":{"self":[{"href":"https:\/\/pacuidarte.com\/index.php\/wp-json\/wp\/v2\/product\/434"}],"collection":[{"href":"https:\/\/pacuidarte.com\/index.php\/wp-json\/wp\/v2\/product"}],"about":[{"href":"https:\/\/pacuidarte.com\/index.php\/wp-json\/wp\/v2\/types\/product"}],"replies":[{"embeddable":true,"href":"https:\/\/pacuidarte.com\/index.php\/wp-json\/wp\/v2\/comments?post=434"}],"wp:featuredmedia":[{"embeddable":true,"href":"https:\/\/pacuidarte.com\/index.php\/wp-json\/wp\/v2\/media\/714"}],"wp:attachment":[{"href":"https:\/\/pacuidarte.com\/index.php\/wp-json\/wp\/v2\/media?parent=434"}],"wp:term":[{"taxonomy":"product_cat","embeddable":true,"href":"https:\/\/pacuidarte.com\/index.php\/wp-json\/wp\/v2\/product_cat?post=434"},{"taxonomy":"product_tag","embeddable":true,"href":"https:\/\/pacuidarte.com\/index.php\/wp-json\/wp\/v2\/product_tag?post=434"}],"curies":[{"name":"wp","href":"https:\/\/api.w.org\/{rel}","templated":true}]}}