{"id":429,"date":"2023-09-19T20:06:24","date_gmt":"2023-09-19T20:06:24","guid":{"rendered":"https:\/\/pacuidarte.com\/?post_type=product&#038;p=429"},"modified":"2025-06-15T18:03:23","modified_gmt":"2025-06-15T23:03:23","slug":"protector-solar-con-extractos-botanicos","status":"publish","type":"product","link":"https:\/\/pacuidarte.com\/index.php\/producto\/protector-solar-con-extractos-botanicos\/","title":{"rendered":"Protector solar con extractos bot\u00e1nicos"},"content":{"rendered":"<p>Que nunca te falte en tu rutina diaria la protecci\u00f3n a tu piel, cu\u00eddala de manera natural.<\/p>\n<p>Su f\u00f3rmula con ingredientes activos naturales de origen vegetal y mineral es de f\u00e1cil absorci\u00f3n. Act\u00faa como una barrera f\u00edsica brindando una adecuada protecci\u00f3n solar contra los rayos UVA y UVB, cuid\u00e1ndote sin ocasionar efectos secundarios.<\/p>\n<p>Protege y suaviza la piel. Hipoalerg\u00e9nico y dermatol\u00f3gicamente probado.<\/p>\n<p><strong>Para todo tipo de piel, incluso para pieles grasas.<\/strong><\/p>\n<h5>Cruelty free<\/h5>\n<h5>Cosecha agroecol\u00f3gica<\/h5>\n<h5>Apoya a la mujer rural<\/h5>\n<h5>Libre de petro qu\u00edmicos<\/h5>\n<h5>Biodegradable<\/h5>\n<h5>Protege el agua<\/h5>\n","protected":false},"excerpt":{"rendered":"<p>Que nunca te falte en tu rutina diaria la protecci\u00f3n a tu piel, cu\u00eddala de manera natural. Su f\u00f3rmula con ingredientes activos naturales de origen vegetal y mineral es de f\u00e1cil absorci\u00f3n. Act\u00faa como una barrera f\u00edsica brindando una adecuada protecci\u00f3n solar contra los rayos UVA y UVB, cuid\u00e1ndote sin ocasionar efectos secundarios. Protege y [&hellip;]<\/p>\n","protected":false},"featured_media":717,"comment_status":"open","ping_status":"closed","template":"","meta":{"_joinchat":[]},"product_cat":[20,18,24],"product_tag":[],"jetpack_sharing_enabled":true,"_links":{"self":[{"href":"https:\/\/pacuidarte.com\/index.php\/wp-json\/wp\/v2\/product\/429"}],"collection":[{"href":"https:\/\/pacuidarte.com\/index.php\/wp-json\/wp\/v2\/product"}],"about":[{"href":"https:\/\/pacuidarte.com\/index.php\/wp-json\/wp\/v2\/types\/product"}],"replies":[{"embeddable":true,"href":"https:\/\/pacuidarte.com\/index.php\/wp-json\/wp\/v2\/comments?post=429"}],"wp:featuredmedia":[{"embeddable":true,"href":"https:\/\/pacuidarte.com\/index.php\/wp-json\/wp\/v2\/media\/717"}],"wp:attachment":[{"href":"https:\/\/pacuidarte.com\/index.php\/wp-json\/wp\/v2\/media?parent=429"}],"wp:term":[{"taxonomy":"product_cat","embeddable":true,"href":"https:\/\/pacuidarte.com\/index.php\/wp-json\/wp\/v2\/product_cat?post=429"},{"taxonomy":"product_tag","embeddable":true,"href":"https:\/\/pacuidarte.com\/index.php\/wp-json\/wp\/v2\/product_tag?post=429"}],"curies":[{"name":"wp","href":"https:\/\/api.w.org\/{rel}","templated":true}]}}