{"id":423,"date":"2023-09-19T19:55:55","date_gmt":"2023-09-19T19:55:55","guid":{"rendered":"https:\/\/pacuidarte.com\/?post_type=product&#038;p=423"},"modified":"2025-06-15T18:13:55","modified_gmt":"2025-06-15T23:13:55","slug":"cepillo-de-dientes-mango-redondo-en-bambu-para-ninos","status":"publish","type":"product","link":"https:\/\/pacuidarte.com\/index.php\/producto\/cepillo-de-dientes-mango-redondo-en-bambu-para-ninos\/","title":{"rendered":"Cepillo de dientes mango redondo en bamb\u00fa para ni\u00f1os"},"content":{"rendered":"<p style=\"text-align: center;\"><strong>Nada mejor que cuidar la salud de los m\u00e1s peques<\/strong><\/p>\n<p>Este lindo cepillito dental est\u00e1 elaborado en bamb\u00fa (biodegradable) y cerdas de dureza media en Nylon libre de <strong>BPA<\/strong>. Su mango trae un dise\u00f1o con color para hacerlo m\u00e1s divertido.<\/p>\n<ul>\n<li>Es recomendable cambiar tu cepillo dental cada 3 meses.<\/li>\n<li>Mantenerlo seco despu\u00e9s de uso (nuestro soporte de bamb\u00fa te ayudar\u00e1 a mantenerlo siempre seco) y guardarlo en lugar donde pueda estar ventilado y protegido (nuestro estuche de bamb\u00fa te ayudar\u00e1 a protegerlo y llevarlo a donde desees).<\/li>\n<li>El bamb\u00fa es un material que no produce sabor, por lo que no te sentir\u00e1s extra\u00f1o al realizar el cambio de un cepillo de pl\u00e1stico a uno de bamb\u00fa.<\/li>\n<li>El bamb\u00fa es un material antibacteriano.<\/li>\n<\/ul>\n<p style=\"text-align: center;\">\u00a1No renunciar\u00e1s a la calidad en la limpieza oral!<\/p>\n","protected":false},"excerpt":{"rendered":"<p>Nada mejor que cuidar la salud de los m\u00e1s peques Este lindo cepillito dental est\u00e1 elaborado en bamb\u00fa (biodegradable) y cerdas de dureza media en Nylon libre de BPA. Su mango trae un dise\u00f1o con color para hacerlo m\u00e1s divertido. Es recomendable cambiar tu cepillo dental cada 3 meses. Mantenerlo seco despu\u00e9s de uso (nuestro [&hellip;]<\/p>\n","protected":false},"featured_media":860,"comment_status":"open","ping_status":"closed","template":"","meta":{"_joinchat":[]},"product_cat":[21,17],"product_tag":[91,102,111,109,110,112,106,96],"jetpack_sharing_enabled":true,"_links":{"self":[{"href":"https:\/\/pacuidarte.com\/index.php\/wp-json\/wp\/v2\/product\/423"}],"collection":[{"href":"https:\/\/pacuidarte.com\/index.php\/wp-json\/wp\/v2\/product"}],"about":[{"href":"https:\/\/pacuidarte.com\/index.php\/wp-json\/wp\/v2\/types\/product"}],"replies":[{"embeddable":true,"href":"https:\/\/pacuidarte.com\/index.php\/wp-json\/wp\/v2\/comments?post=423"}],"wp:featuredmedia":[{"embeddable":true,"href":"https:\/\/pacuidarte.com\/index.php\/wp-json\/wp\/v2\/media\/860"}],"wp:attachment":[{"href":"https:\/\/pacuidarte.com\/index.php\/wp-json\/wp\/v2\/media?parent=423"}],"wp:term":[{"taxonomy":"product_cat","embeddable":true,"href":"https:\/\/pacuidarte.com\/index.php\/wp-json\/wp\/v2\/product_cat?post=423"},{"taxonomy":"product_tag","embeddable":true,"href":"https:\/\/pacuidarte.com\/index.php\/wp-json\/wp\/v2\/product_tag?post=423"}],"curies":[{"name":"wp","href":"https:\/\/api.w.org\/{rel}","templated":true}]}}