{"id":376,"date":"2023-09-19T18:04:36","date_gmt":"2023-09-19T18:04:36","guid":{"rendered":"https:\/\/pacuidarte.com\/?post_type=product&#038;p=376"},"modified":"2024-08-08T22:46:58","modified_gmt":"2024-08-09T03:46:58","slug":"copitos-de-silicona-reusables","status":"publish","type":"product","link":"https:\/\/pacuidarte.com\/index.php\/producto\/copitos-de-silicona-reusables\/","title":{"rendered":"Copitos de silicona reusables"},"content":{"rendered":"<p>Permiten una buena limpieza a la vez que reduces tus residuos pl\u00e1sticos.<\/p>\n<p>Son suaves y flexibles lo que permite la limpieza de los o\u00eddos e incluso la correcci\u00f3n del maquillaje o del esmaltado de las u\u00f1as.<\/p>\n<p><strong>Caja:<\/strong> 9.7 cm x 3 cm x 1.5 cm<br \/>\n<strong>Copitos:<\/strong> 7.2 cm de largo<\/p>\n<p>Incluye 2 copitos con 3 puntas diferentes.<\/p>\n<p>F\u00e1ciles de lavar (agua y jab\u00f3n despu\u00e9s de cada uso y antes de guardarlos d\u00e9jalos secar muy bien).<\/p>\n","protected":false},"excerpt":{"rendered":"<p>Permiten una buena limpieza a la vez que reduces tus residuos pl\u00e1sticos. Son suaves y flexibles lo que permite la limpieza de los o\u00eddos e incluso la correcci\u00f3n del maquillaje o del esmaltado de las u\u00f1as. Caja: 9.7 cm x 3 cm x 1.5 cm Copitos: 7.2 cm de largo Incluye 2 copitos con 3 [&hellip;]<\/p>\n","protected":false},"featured_media":754,"comment_status":"open","ping_status":"closed","template":"","meta":{"_joinchat":[]},"product_cat":[17],"product_tag":[91,145,144,112,114,146,113,106,117,116],"jetpack_sharing_enabled":true,"_links":{"self":[{"href":"https:\/\/pacuidarte.com\/index.php\/wp-json\/wp\/v2\/product\/376"}],"collection":[{"href":"https:\/\/pacuidarte.com\/index.php\/wp-json\/wp\/v2\/product"}],"about":[{"href":"https:\/\/pacuidarte.com\/index.php\/wp-json\/wp\/v2\/types\/product"}],"replies":[{"embeddable":true,"href":"https:\/\/pacuidarte.com\/index.php\/wp-json\/wp\/v2\/comments?post=376"}],"wp:featuredmedia":[{"embeddable":true,"href":"https:\/\/pacuidarte.com\/index.php\/wp-json\/wp\/v2\/media\/754"}],"wp:attachment":[{"href":"https:\/\/pacuidarte.com\/index.php\/wp-json\/wp\/v2\/media?parent=376"}],"wp:term":[{"taxonomy":"product_cat","embeddable":true,"href":"https:\/\/pacuidarte.com\/index.php\/wp-json\/wp\/v2\/product_cat?post=376"},{"taxonomy":"product_tag","embeddable":true,"href":"https:\/\/pacuidarte.com\/index.php\/wp-json\/wp\/v2\/product_tag?post=376"}],"curies":[{"name":"wp","href":"https:\/\/api.w.org\/{rel}","templated":true}]}}