{"id":368,"date":"2023-09-19T17:54:34","date_gmt":"2023-09-19T17:54:34","guid":{"rendered":"https:\/\/pacuidarte.com\/?post_type=product&#038;p=368"},"modified":"2024-09-25T16:48:55","modified_gmt":"2024-09-25T21:48:55","slug":"set-x-3-pitillos-metalicos","status":"publish","type":"product","link":"https:\/\/pacuidarte.com\/index.php\/producto\/set-x-3-pitillos-metalicos\/","title":{"rendered":"Set x 3 pitillos met\u00e1licos"},"content":{"rendered":"<p>Este lindo y pr\u00e1ctico set de pitillos met\u00e1licos es el complemento ideal para cuando estamos fuera de casa y se nos antoja un granizado, un batido, un jugo, un tinto o cualquier tipo de bebida que se te pueda cruzar en el camino.<\/p>\n<ul>\n<li>No cambian el sabor ni la temperatura de tu bebida.<\/li>\n<li>Son s\u00faper faciles de limpiar y llevar a todos lados.<\/li>\n<li>Vienen 3 pitillos en diferentes formas y di\u00e1metros para acoplarse mejor a tu tipo de bebida.<\/li>\n<\/ul>\n<p><strong>Contenido:\u00a0<\/strong>3 pitillos met\u00e1licos + estuche en tela cruda + cepillo limpiador<\/p>\n<p><strong>Dile NO a los pitillos desechables<\/strong><\/p>\n","protected":false},"excerpt":{"rendered":"<p>Este lindo y pr\u00e1ctico set de pitillos met\u00e1licos es el complemento ideal para cuando estamos fuera de casa y se nos antoja un granizado, un batido, un jugo, un tinto o cualquier tipo de bebida que se te pueda cruzar en el camino. No cambian el sabor ni la temperatura de tu bebida. Son s\u00faper [&hellip;]<\/p>\n","protected":false},"featured_media":759,"comment_status":"open","ping_status":"closed","template":"","meta":{"_joinchat":[]},"product_cat":[24],"product_tag":[],"jetpack_sharing_enabled":true,"_links":{"self":[{"href":"https:\/\/pacuidarte.com\/index.php\/wp-json\/wp\/v2\/product\/368"}],"collection":[{"href":"https:\/\/pacuidarte.com\/index.php\/wp-json\/wp\/v2\/product"}],"about":[{"href":"https:\/\/pacuidarte.com\/index.php\/wp-json\/wp\/v2\/types\/product"}],"replies":[{"embeddable":true,"href":"https:\/\/pacuidarte.com\/index.php\/wp-json\/wp\/v2\/comments?post=368"}],"wp:featuredmedia":[{"embeddable":true,"href":"https:\/\/pacuidarte.com\/index.php\/wp-json\/wp\/v2\/media\/759"}],"wp:attachment":[{"href":"https:\/\/pacuidarte.com\/index.php\/wp-json\/wp\/v2\/media?parent=368"}],"wp:term":[{"taxonomy":"product_cat","embeddable":true,"href":"https:\/\/pacuidarte.com\/index.php\/wp-json\/wp\/v2\/product_cat?post=368"},{"taxonomy":"product_tag","embeddable":true,"href":"https:\/\/pacuidarte.com\/index.php\/wp-json\/wp\/v2\/product_tag?post=368"}],"curies":[{"name":"wp","href":"https:\/\/api.w.org\/{rel}","templated":true}]}}