{"id":358,"date":"2023-09-22T03:23:02","date_gmt":"2023-09-22T03:23:02","guid":{"rendered":"https:\/\/pacuidarte.com\/?post_type=product&#038;p=358"},"modified":"2025-05-18T17:32:25","modified_gmt":"2025-05-18T22:32:25","slug":"shampoo-solido-de-ylang-ylang-arcilla-verde-2","status":"publish","type":"product","link":"https:\/\/pacuidarte.com\/index.php\/producto\/shampoo-solido-de-ylang-ylang-arcilla-verde-2\/","title":{"rendered":"Shampoo s\u00f3lido de Ylang Ylang &#8211; Arcilla verde"},"content":{"rendered":"<p>Dise\u00f1ado para <strong>equilibrar el cuero cabelludo<\/strong>. La arcilla verde regular\u00e1 la producci\u00f3n de <strong>sebo<\/strong> y purificar\u00e1 el cabello absorbiendo impurezas y toxinas. Tambi\u00e9n fortalece naturalmente el <strong>cabello fino<\/strong>.<br \/>\nEl aceite esencial de Ylang-Ylang tiene propiedades t\u00f3nicas y purificantes, aporta brillo y flexibilidad al cabello, adem\u00e1s el aceite de almendras mejorar\u00e1 la apariencia y la textura del cabello.<\/p>\n<p><strong>Composici\u00f3n:<\/strong> Sodium Cocoyl-Isethionate, Aluminium Silicate (bentonita), Prunus amygdalus dulcis oil, Queratina, Stearic acid, Ylang-Ylang, Aqua, Citrus grandis extract.<\/p>\n<p><strong>MODO DE USO:<\/strong> Frota el champ\u00fa sobre el cabello mojado hasta que haga espuma. Masajea el cabello y enjuaga.<\/p>\n<p><strong>Precauciones para el uso del Ylang-Ylang:<\/strong> No usar en mujeres embarazadas y ni\u00f1os menores de 3.<\/p>\n<p><strong>Componentes alerg\u00e9nicos:<\/strong><\/p>\n<ul>\n<li>Linalol (2 \u00e0 16 %)<\/li>\n<li>Benzoate de benzyle (\u2264 12 %)<\/li>\n<li>G\u00e9raniol (\u2264 5 %)<\/li>\n<li>Farn\u00e9sol (\u2264 5 %)<\/li>\n<li>Salicylate de benzyle (\u2264 4 %)<\/li>\n<li>Eug\u00e9nol (\u2264 0,9 %)<\/li>\n<li>Alcool benzylique (\u2264 0,5 %)<\/li>\n<li>Isoeug\u00e9nol (\u2264 0,3 %)<\/li>\n<\/ul>\n","protected":false},"excerpt":{"rendered":"<p>Dise\u00f1ado para equilibrar el cuero cabelludo. La arcilla verde regular\u00e1 la producci\u00f3n de sebo y purificar\u00e1 el cabello absorbiendo impurezas y toxinas. Tambi\u00e9n fortalece naturalmente el cabello fino. El aceite esencial de Ylang-Ylang tiene propiedades t\u00f3nicas y purificantes, aporta brillo y flexibilidad al cabello, adem\u00e1s el aceite de almendras mejorar\u00e1 la apariencia y la textura [&hellip;]<\/p>\n","protected":false},"featured_media":672,"comment_status":"open","ping_status":"closed","template":"","meta":{"_joinchat":[]},"product_cat":[16,31],"product_tag":[],"jetpack_sharing_enabled":true,"_links":{"self":[{"href":"https:\/\/pacuidarte.com\/index.php\/wp-json\/wp\/v2\/product\/358"}],"collection":[{"href":"https:\/\/pacuidarte.com\/index.php\/wp-json\/wp\/v2\/product"}],"about":[{"href":"https:\/\/pacuidarte.com\/index.php\/wp-json\/wp\/v2\/types\/product"}],"replies":[{"embeddable":true,"href":"https:\/\/pacuidarte.com\/index.php\/wp-json\/wp\/v2\/comments?post=358"}],"wp:featuredmedia":[{"embeddable":true,"href":"https:\/\/pacuidarte.com\/index.php\/wp-json\/wp\/v2\/media\/672"}],"wp:attachment":[{"href":"https:\/\/pacuidarte.com\/index.php\/wp-json\/wp\/v2\/media?parent=358"}],"wp:term":[{"taxonomy":"product_cat","embeddable":true,"href":"https:\/\/pacuidarte.com\/index.php\/wp-json\/wp\/v2\/product_cat?post=358"},{"taxonomy":"product_tag","embeddable":true,"href":"https:\/\/pacuidarte.com\/index.php\/wp-json\/wp\/v2\/product_tag?post=358"}],"curies":[{"name":"wp","href":"https:\/\/api.w.org\/{rel}","templated":true}]}}