{"id":354,"date":"2023-09-19T16:56:06","date_gmt":"2023-09-19T16:56:06","guid":{"rendered":"https:\/\/pacuidarte.com\/?post_type=product&#038;p=354"},"modified":"2025-11-22T18:05:14","modified_gmt":"2025-11-22T23:05:14","slug":"shampoo-solido-de-avena-y-naranja","status":"publish","type":"product","link":"https:\/\/pacuidarte.com\/index.php\/producto\/shampoo-solido-de-avena-y-naranja\/","title":{"rendered":"Shampoo s\u00f3lido de Avena y naranja"},"content":{"rendered":"<p>Dise\u00f1ado para restaurar la suavidad y el brillo del cabello, siendo un verdadero producto para el cuidado natural. Dejar\u00e1 un ligero olor a naranja y es ideal para cabellos <strong>voluminosos, opacos y \u00e1speros<\/strong>.<br \/>\nLa avena es perfecta para nutrir el cabello seco, combinada con el polvo de naranja, a\u00f1ade propiedades desenredantes a este shampoo.<br \/>\nEl aceite de coco ayuda a reparar el cabello da\u00f1ado, le devolver\u00e1 su brillo y el aceite de ricino estimula el crecimiento del cabello.<\/p>\n<p><strong>Composici\u00f3n:<\/strong> Sodium Cocoyl-Isethionate, Aqua, cocos nucifera oil, Ricinus communis oil, Orange Powder, Avena Sativa Powder, Queratina, Fragance, Stearic acid, Citrus grandis extract.<\/p>\n<p><strong>MODO DE USO:<\/strong> Frota el champ\u00fa sobre el cabello mojado hasta que haga espuma. Masajea el cabello y enjuaga.<\/p>\n","protected":false},"excerpt":{"rendered":"<p>Dise\u00f1ado para restaurar la suavidad y el brillo del cabello, siendo un verdadero producto para el cuidado natural. Dejar\u00e1 un ligero olor a naranja y es ideal para cabellos voluminosos, opacos y \u00e1speros. La avena es perfecta para nutrir el cabello seco, combinada con el polvo de naranja, a\u00f1ade propiedades desenredantes a este shampoo. El [&hellip;]<\/p>\n","protected":false},"featured_media":666,"comment_status":"open","ping_status":"closed","template":"","meta":{"_joinchat":[]},"product_cat":[16,24,31],"product_tag":[],"jetpack_sharing_enabled":true,"_links":{"self":[{"href":"https:\/\/pacuidarte.com\/index.php\/wp-json\/wp\/v2\/product\/354"}],"collection":[{"href":"https:\/\/pacuidarte.com\/index.php\/wp-json\/wp\/v2\/product"}],"about":[{"href":"https:\/\/pacuidarte.com\/index.php\/wp-json\/wp\/v2\/types\/product"}],"replies":[{"embeddable":true,"href":"https:\/\/pacuidarte.com\/index.php\/wp-json\/wp\/v2\/comments?post=354"}],"wp:featuredmedia":[{"embeddable":true,"href":"https:\/\/pacuidarte.com\/index.php\/wp-json\/wp\/v2\/media\/666"}],"wp:attachment":[{"href":"https:\/\/pacuidarte.com\/index.php\/wp-json\/wp\/v2\/media?parent=354"}],"wp:term":[{"taxonomy":"product_cat","embeddable":true,"href":"https:\/\/pacuidarte.com\/index.php\/wp-json\/wp\/v2\/product_cat?post=354"},{"taxonomy":"product_tag","embeddable":true,"href":"https:\/\/pacuidarte.com\/index.php\/wp-json\/wp\/v2\/product_tag?post=354"}],"curies":[{"name":"wp","href":"https:\/\/api.w.org\/{rel}","templated":true}]}}