{"id":349,"date":"2023-09-19T16:51:19","date_gmt":"2023-09-19T16:51:19","guid":{"rendered":"https:\/\/pacuidarte.com\/?post_type=product&#038;p=349"},"modified":"2025-03-30T19:00:22","modified_gmt":"2025-03-31T00:00:22","slug":"shampoo-solido-de-eucalipto","status":"publish","type":"product","link":"https:\/\/pacuidarte.com\/index.php\/producto\/shampoo-solido-de-eucalipto\/","title":{"rendered":"Shampoo s\u00f3lido de Eucalipto"},"content":{"rendered":"<p>Este shampoo fue dise\u00f1ado para ser un verdadero tratamiento para cueros cabelludos secos e irritados.<\/p>\n<p>El eucalipto, el aceite de aguacate y la arcilla verde son poderosos agentes anticaspa e hidratan el cuero cabelludo. Tambi\u00e9n alivian el picor debido a la irritaci\u00f3n; el polvo de eucalipto tambi\u00e9n es un poderoso anti-piojo natural y reemplaza los tratamientos qu\u00edmicos.<br \/>\nEl aceite de aguacate estimula el crecimiento del cabello y restaura la fuerza y el brillo, ideal para cabello rizado.<br \/>\nLa arcilla verde regula el sebo y tiene un fuerte poder suavizante y regenerador. Al igual que el eucalipto y el aceite de aguacate, calma la sensaci\u00f3n de irritaci\u00f3n.<\/p>\n<p><strong>Composici\u00f3n:<\/strong> Sodium Cocoyl-Isethionate, Aqua, Persea gratissima oil, Persea gratissima oil, Aluminium Silicate (bentonita), Eucalytus Grandis, Queratina, Stearic acid, Tocopherol.<\/p>\n<p><strong>MODO DE USO:<\/strong> Frota el champ\u00fa sobre el cabello mojado hasta que haga espuma. Masajea el cabello y enjuaga.<\/p>\n","protected":false},"excerpt":{"rendered":"<p>Este shampoo fue dise\u00f1ado para ser un verdadero tratamiento para cueros cabelludos secos e irritados. El eucalipto, el aceite de aguacate y la arcilla verde son poderosos agentes anticaspa e hidratan el cuero cabelludo. Tambi\u00e9n alivian el picor debido a la irritaci\u00f3n; el polvo de eucalipto tambi\u00e9n es un poderoso anti-piojo natural y reemplaza los [&hellip;]<\/p>\n","protected":false},"featured_media":660,"comment_status":"open","ping_status":"closed","template":"","meta":{"_joinchat":[]},"product_cat":[16,24,31],"product_tag":[],"jetpack_sharing_enabled":true,"_links":{"self":[{"href":"https:\/\/pacuidarte.com\/index.php\/wp-json\/wp\/v2\/product\/349"}],"collection":[{"href":"https:\/\/pacuidarte.com\/index.php\/wp-json\/wp\/v2\/product"}],"about":[{"href":"https:\/\/pacuidarte.com\/index.php\/wp-json\/wp\/v2\/types\/product"}],"replies":[{"embeddable":true,"href":"https:\/\/pacuidarte.com\/index.php\/wp-json\/wp\/v2\/comments?post=349"}],"wp:featuredmedia":[{"embeddable":true,"href":"https:\/\/pacuidarte.com\/index.php\/wp-json\/wp\/v2\/media\/660"}],"wp:attachment":[{"href":"https:\/\/pacuidarte.com\/index.php\/wp-json\/wp\/v2\/media?parent=349"}],"wp:term":[{"taxonomy":"product_cat","embeddable":true,"href":"https:\/\/pacuidarte.com\/index.php\/wp-json\/wp\/v2\/product_cat?post=349"},{"taxonomy":"product_tag","embeddable":true,"href":"https:\/\/pacuidarte.com\/index.php\/wp-json\/wp\/v2\/product_tag?post=349"}],"curies":[{"name":"wp","href":"https:\/\/api.w.org\/{rel}","templated":true}]}}