{"id":333,"date":"2023-09-19T16:13:16","date_gmt":"2023-09-19T16:13:16","guid":{"rendered":"https:\/\/pacuidarte.com\/?post_type=product&#038;p=333"},"modified":"2023-12-08T17:53:57","modified_gmt":"2023-12-08T22:53:57","slug":"toalla-intima-de-tela-reusable","status":"publish","type":"product","link":"https:\/\/pacuidarte.com\/index.php\/producto\/toalla-intima-de-tela-reusable\/","title":{"rendered":"Toalla \u00edntima de tela reusable"},"content":{"rendered":"<p>Toallas de tela reusables, ecol\u00f3gicos, absorbentes, f\u00e1ciles de lavar, flexibles, respirables y duraderos.<\/p>\n<p>Con una suave capa superior en fibra de carb\u00f3n de bamb\u00fa, capa interna de microfibra y capa externa de tela PUL (impermeable).<\/p>\n<p>25 cm de largo y 7 cm de ancho en la zona absorbente.<\/p>\n","protected":false},"excerpt":{"rendered":"<p>Toallas de tela reusables, ecol\u00f3gicos, absorbentes, f\u00e1ciles de lavar, flexibles, respirables y duraderos. Con una suave capa superior en fibra de carb\u00f3n de bamb\u00fa, capa interna de microfibra y capa externa de tela PUL (impermeable). 25 cm de largo y 7 cm de ancho en la zona absorbente.<\/p>\n","protected":false},"featured_media":771,"comment_status":"open","ping_status":"closed","template":"","meta":{"_joinchat":[]},"product_cat":[29],"product_tag":[],"jetpack_sharing_enabled":true,"_links":{"self":[{"href":"https:\/\/pacuidarte.com\/index.php\/wp-json\/wp\/v2\/product\/333"}],"collection":[{"href":"https:\/\/pacuidarte.com\/index.php\/wp-json\/wp\/v2\/product"}],"about":[{"href":"https:\/\/pacuidarte.com\/index.php\/wp-json\/wp\/v2\/types\/product"}],"replies":[{"embeddable":true,"href":"https:\/\/pacuidarte.com\/index.php\/wp-json\/wp\/v2\/comments?post=333"}],"wp:featuredmedia":[{"embeddable":true,"href":"https:\/\/pacuidarte.com\/index.php\/wp-json\/wp\/v2\/media\/771"}],"wp:attachment":[{"href":"https:\/\/pacuidarte.com\/index.php\/wp-json\/wp\/v2\/media?parent=333"}],"wp:term":[{"taxonomy":"product_cat","embeddable":true,"href":"https:\/\/pacuidarte.com\/index.php\/wp-json\/wp\/v2\/product_cat?post=333"},{"taxonomy":"product_tag","embeddable":true,"href":"https:\/\/pacuidarte.com\/index.php\/wp-json\/wp\/v2\/product_tag?post=333"}],"curies":[{"name":"wp","href":"https:\/\/api.w.org\/{rel}","templated":true}]}}