{"id":288,"date":"2023-09-18T23:43:15","date_gmt":"2023-09-18T23:43:15","guid":{"rendered":"https:\/\/pacuidarte.com\/index.php\/producto\/cepillo-de-bambu-viajero\/"},"modified":"2024-03-25T15:43:55","modified_gmt":"2024-03-25T20:43:55","slug":"cepillo-de-bambu-viajero","status":"publish","type":"product","link":"https:\/\/pacuidarte.com\/index.php\/producto\/cepillo-de-bambu-viajero\/","title":{"rendered":"Cepillo de bamb\u00fa viajero (mini)"},"content":{"rendered":"<p>Con cerdas y mango elaborados en bamb\u00fa, por lo que podras comportarlo casi en su totalidad, cuando acabe su vida \u00fatil.<\/p>\n<p><strong>Tama\u00f1o:<\/strong> Mini (12 cm de largo x 3.5 cm de ancho)<\/p>\n<p><strong>BENEFICIOS:<\/strong><\/p>\n<ul>\n<li>Estimula el fol\u00edculo piloso: Ayuda al crecimiento capilar.<\/li>\n<li>Estimula la circulaci\u00f3n: Ayuda a evitar la ca\u00edda del cabello.<\/li>\n<li>No revienta el cabello.<\/li>\n<li>Acondicionamiento natural: Las cerdas de madera distribuyen los aceites naturales del cabello desde la ra\u00edz hasta las puntas.<\/li>\n<li>Ayuda al cuero cabelludo seco.<\/li>\n<li>Previene el frizz: La est\u00e1tica es m\u00ednima, por lo que t\u00fa cabello no se cargar\u00e1.<\/li>\n<li>Amigable con el medio ambiente.<\/li>\n<\/ul>\n","protected":false},"excerpt":{"rendered":"<p>Con cerdas y mango elaborados en bamb\u00fa, por lo que podras comportarlo casi en su totalidad, cuando acabe su vida \u00fatil. Tama\u00f1o: Mini (12 cm de largo x 3.5 cm de ancho) BENEFICIOS: Estimula el fol\u00edculo piloso: Ayuda al crecimiento capilar. Estimula la circulaci\u00f3n: Ayuda a evitar la ca\u00edda del cabello. No revienta el cabello. [&hellip;]<\/p>\n","protected":false},"featured_media":616,"comment_status":"open","ping_status":"closed","template":"","meta":{"_joinchat":[]},"product_cat":[16],"product_tag":[91,105,102,107,68,81,84,106,104,103,70,108],"jetpack_sharing_enabled":true,"_links":{"self":[{"href":"https:\/\/pacuidarte.com\/index.php\/wp-json\/wp\/v2\/product\/288"}],"collection":[{"href":"https:\/\/pacuidarte.com\/index.php\/wp-json\/wp\/v2\/product"}],"about":[{"href":"https:\/\/pacuidarte.com\/index.php\/wp-json\/wp\/v2\/types\/product"}],"replies":[{"embeddable":true,"href":"https:\/\/pacuidarte.com\/index.php\/wp-json\/wp\/v2\/comments?post=288"}],"wp:featuredmedia":[{"embeddable":true,"href":"https:\/\/pacuidarte.com\/index.php\/wp-json\/wp\/v2\/media\/616"}],"wp:attachment":[{"href":"https:\/\/pacuidarte.com\/index.php\/wp-json\/wp\/v2\/media?parent=288"}],"wp:term":[{"taxonomy":"product_cat","embeddable":true,"href":"https:\/\/pacuidarte.com\/index.php\/wp-json\/wp\/v2\/product_cat?post=288"},{"taxonomy":"product_tag","embeddable":true,"href":"https:\/\/pacuidarte.com\/index.php\/wp-json\/wp\/v2\/product_tag?post=288"}],"curies":[{"name":"wp","href":"https:\/\/api.w.org\/{rel}","templated":true}]}}