{"id":286,"date":"2023-09-18T23:43:15","date_gmt":"2023-09-18T23:43:15","guid":{"rendered":"https:\/\/pacuidarte.com\/index.php\/producto\/soporte-cepillo-maquina\/"},"modified":"2024-09-25T16:50:46","modified_gmt":"2024-09-25T21:50:46","slug":"soporte-cepillo-maquina","status":"publish","type":"product","link":"https:\/\/pacuidarte.com\/index.php\/producto\/soporte-cepillo-maquina\/","title":{"rendered":"Soporte cepillo\/m\u00e1quina"},"content":{"rendered":"<p>Este maravilloso y \u00fatil soporte puede usarse para:<\/p>\n<ol>\n<li>Proteger, cuidar y alargar la vida \u00fatil de tu cepillo de dientes de bamb\u00fa, pues \u00e9ste debe mantenerse seco. Lo mejor es que usando este soporte, las cerdas estar\u00e1n m\u00e1s limpias, pues no estar\u00e1n en contacto con ninguna otra superficie.<\/li>\n<li>Mantener siempre a la mano, seca y segura tu m\u00e1quina de afeitar en acero inoxidable.<\/li>\n<\/ol>\n<p>Tu ba\u00f1o se ver\u00e1 m\u00e1s ordenado y continuar\u00e1s contribuyendo con una ba\u00f1o m\u00e1s eco-amigable.<\/p>\n","protected":false},"excerpt":{"rendered":"<p>Este maravilloso y \u00fatil soporte puede usarse para: Proteger, cuidar y alargar la vida \u00fatil de tu cepillo de dientes de bamb\u00fa, pues \u00e9ste debe mantenerse seco. Lo mejor es que usando este soporte, las cerdas estar\u00e1n m\u00e1s limpias, pues no estar\u00e1n en contacto con ninguna otra superficie. Mantener siempre a la mano, seca y [&hellip;]<\/p>\n","protected":false},"featured_media":613,"comment_status":"open","ping_status":"closed","template":"","meta":{"_joinchat":[]},"product_cat":[17],"product_tag":[],"jetpack_sharing_enabled":true,"_links":{"self":[{"href":"https:\/\/pacuidarte.com\/index.php\/wp-json\/wp\/v2\/product\/286"}],"collection":[{"href":"https:\/\/pacuidarte.com\/index.php\/wp-json\/wp\/v2\/product"}],"about":[{"href":"https:\/\/pacuidarte.com\/index.php\/wp-json\/wp\/v2\/types\/product"}],"replies":[{"embeddable":true,"href":"https:\/\/pacuidarte.com\/index.php\/wp-json\/wp\/v2\/comments?post=286"}],"wp:featuredmedia":[{"embeddable":true,"href":"https:\/\/pacuidarte.com\/index.php\/wp-json\/wp\/v2\/media\/613"}],"wp:attachment":[{"href":"https:\/\/pacuidarte.com\/index.php\/wp-json\/wp\/v2\/media?parent=286"}],"wp:term":[{"taxonomy":"product_cat","embeddable":true,"href":"https:\/\/pacuidarte.com\/index.php\/wp-json\/wp\/v2\/product_cat?post=286"},{"taxonomy":"product_tag","embeddable":true,"href":"https:\/\/pacuidarte.com\/index.php\/wp-json\/wp\/v2\/product_tag?post=286"}],"curies":[{"name":"wp","href":"https:\/\/api.w.org\/{rel}","templated":true}]}}