{"id":285,"date":"2023-09-18T23:43:15","date_gmt":"2023-09-18T23:43:15","guid":{"rendered":"https:\/\/pacuidarte.com\/index.php\/producto\/estuche-cepillo-bambu\/"},"modified":"2025-01-12T13:57:13","modified_gmt":"2025-01-12T18:57:13","slug":"estuche-cepillo-bambu","status":"publish","type":"product","link":"https:\/\/pacuidarte.com\/index.php\/producto\/estuche-cepillo-bambu\/","title":{"rendered":"Estuche para cepillo de dientes en bamb\u00fa"},"content":{"rendered":"<p>Lleva tu cepillo a todas partes con este estuche elaborado en bamb\u00fa con orificio en la parte superior para evitar que tu cepillo guarde humedad.<\/p>\n<p>Para alargar la vida \u00fatil de tu cepillo de dientes de bamb\u00fa y sacarle el m\u00e1ximo provecho, es necesario mantenerlo libre de humedad y este estuche se convertir\u00e1 en tu mejor aliado para lograrlo.<\/p>\n","protected":false},"excerpt":{"rendered":"<p>Lleva tu cepillo a todas partes con este estuche elaborado en bamb\u00fa con orificio en la parte superior para evitar que tu cepillo guarde humedad. Para alargar la vida \u00fatil de tu cepillo de dientes de bamb\u00fa y sacarle el m\u00e1ximo provecho, es necesario mantenerlo libre de humedad y este estuche se convertir\u00e1 en tu [&hellip;]<\/p>\n","protected":false},"featured_media":637,"comment_status":"open","ping_status":"closed","template":"","meta":{"_joinchat":[]},"product_cat":[21],"product_tag":[91,102,111,109,110,112],"jetpack_sharing_enabled":true,"_links":{"self":[{"href":"https:\/\/pacuidarte.com\/index.php\/wp-json\/wp\/v2\/product\/285"}],"collection":[{"href":"https:\/\/pacuidarte.com\/index.php\/wp-json\/wp\/v2\/product"}],"about":[{"href":"https:\/\/pacuidarte.com\/index.php\/wp-json\/wp\/v2\/types\/product"}],"replies":[{"embeddable":true,"href":"https:\/\/pacuidarte.com\/index.php\/wp-json\/wp\/v2\/comments?post=285"}],"wp:featuredmedia":[{"embeddable":true,"href":"https:\/\/pacuidarte.com\/index.php\/wp-json\/wp\/v2\/media\/637"}],"wp:attachment":[{"href":"https:\/\/pacuidarte.com\/index.php\/wp-json\/wp\/v2\/media?parent=285"}],"wp:term":[{"taxonomy":"product_cat","embeddable":true,"href":"https:\/\/pacuidarte.com\/index.php\/wp-json\/wp\/v2\/product_cat?post=285"},{"taxonomy":"product_tag","embeddable":true,"href":"https:\/\/pacuidarte.com\/index.php\/wp-json\/wp\/v2\/product_tag?post=285"}],"curies":[{"name":"wp","href":"https:\/\/api.w.org\/{rel}","templated":true}]}}