{"id":284,"date":"2023-09-18T23:43:15","date_gmt":"2023-09-18T23:43:15","guid":{"rendered":"https:\/\/pacuidarte.com\/index.php\/producto\/aceite-para-barba\/"},"modified":"2025-05-04T19:01:59","modified_gmt":"2025-05-05T00:01:59","slug":"aceite-para-barba","status":"publish","type":"product","link":"https:\/\/pacuidarte.com\/index.php\/producto\/aceite-para-barba\/","title":{"rendered":"Aceite para barba"},"content":{"rendered":"<p>La barba y el bigote tambi\u00e9n necesitan humectarse y protegerse.<\/p>\n<p>La zona de la piel donde crece la barba tiende a resecarse f\u00e1cilmente, esto puede hacer que la piel se envejezca prematuramente o genere picaz\u00f3n y alergia. Para evitarlo, se debe humectar y nutrir profundamente a diario.<\/p>\n<p>Este aceite para la barba es una seleccionada mezcla de 6 aceites naturales, los cuales son humectantes, antioxidantes y regeneradores.<\/p>\n<p><strong>\u00bfES S\u00d3LO PARA LA BARBA?<\/strong><br \/>\nPuede aplicarse tanto en la barba y bigote, como en las cejas y puntas del cabello.<\/p>\n<p><strong>EXTRACTOS BOT\u00c1NICOS:<\/strong><br \/>\nAceite de Arg\u00e1n ,Jojoba, Coco, Ricino, aguacate,\u00a0 almendras y vitamina E.<\/p>\n<p>Nutren profundamente, recuperan y revitaliza la barba y la piel de esta zona para evitar la resequedad extrema y el envejecimiento prematuro, ademas dan brillo y volumen.<\/p>\n<p><strong>Contenido: <\/strong>30 ml<\/p>\n","protected":false},"excerpt":{"rendered":"<p>La barba y el bigote tambi\u00e9n necesitan humectarse y protegerse. La zona de la piel donde crece la barba tiende a resecarse f\u00e1cilmente, esto puede hacer que la piel se envejezca prematuramente o genere picaz\u00f3n y alergia. Para evitarlo, se debe humectar y nutrir profundamente a diario. Este aceite para la barba es una seleccionada [&hellip;]<\/p>\n","protected":false},"featured_media":1358,"comment_status":"open","ping_status":"closed","template":"","meta":{"_joinchat":[]},"product_cat":[28,22],"product_tag":[52,55,54,53,56],"jetpack_sharing_enabled":true,"_links":{"self":[{"href":"https:\/\/pacuidarte.com\/index.php\/wp-json\/wp\/v2\/product\/284"}],"collection":[{"href":"https:\/\/pacuidarte.com\/index.php\/wp-json\/wp\/v2\/product"}],"about":[{"href":"https:\/\/pacuidarte.com\/index.php\/wp-json\/wp\/v2\/types\/product"}],"replies":[{"embeddable":true,"href":"https:\/\/pacuidarte.com\/index.php\/wp-json\/wp\/v2\/comments?post=284"}],"wp:featuredmedia":[{"embeddable":true,"href":"https:\/\/pacuidarte.com\/index.php\/wp-json\/wp\/v2\/media\/1358"}],"wp:attachment":[{"href":"https:\/\/pacuidarte.com\/index.php\/wp-json\/wp\/v2\/media?parent=284"}],"wp:term":[{"taxonomy":"product_cat","embeddable":true,"href":"https:\/\/pacuidarte.com\/index.php\/wp-json\/wp\/v2\/product_cat?post=284"},{"taxonomy":"product_tag","embeddable":true,"href":"https:\/\/pacuidarte.com\/index.php\/wp-json\/wp\/v2\/product_tag?post=284"}],"curies":[{"name":"wp","href":"https:\/\/api.w.org\/{rel}","templated":true}]}}