{"id":283,"date":"2023-09-18T23:43:14","date_gmt":"2023-09-18T23:43:14","guid":{"rendered":"https:\/\/pacuidarte.com\/index.php\/producto\/tonico-herbal-facial\/"},"modified":"2024-01-23T12:57:59","modified_gmt":"2024-01-23T17:57:59","slug":"tonico-herbal-facial","status":"publish","type":"product","link":"https:\/\/pacuidarte.com\/index.php\/producto\/tonico-herbal-facial\/","title":{"rendered":"T\u00f3nico herbal facial"},"content":{"rendered":"<p>T\u00f3nico especial para piel mixta o grasa. F\u00f3rmula libre de alcohol, colorantes y aromas artificiales que contiene 4 extractos en agua de rosas, los cuales calman la piel, retiran el exceso de grasa, de impurezas y de rastros de limpiadores. Regula el pH, equilibra la piel, refresca y tonifica.<\/p>\n<p><strong>EXTRACTOS QUE CONTIENE:<\/strong><br \/>\nCal\u00e9ndula, Salvia, Manzanilla y menta en agua de rosas.<\/p>\n<p><strong>\u00bfC\u00d3MO ACT\u00daA?<\/strong><\/p>\n<ul>\n<li>Reestablece el PH de la piel para que quede en el rango adecuado y as\u00ed pueda recibir de manera adecuada el tratamiento, s\u00e9rum o crema.<\/li>\n<li>Gracias a la salvia y la menta mantiene la piel libre de exceso de grasa e impurezas de los poros.<\/li>\n<li>La Cal\u00e9ndula y Salvia disminuyen los procesos inflamatorios de la piel con acn\u00e9 o poros dilatados, puntos negros.<\/li>\n<li>La menta refresca y evita irritaciones.<\/li>\n<\/ul>\n<p><strong>\u00bfPARA QU\u00c9 TIPOS DE PIEL?<\/strong><\/p>\n<p>Es ideal para piel mixta a grasa, tendencia a acn\u00e9 o puntos negros.<\/p>\n<p>Se puede usar despu\u00e9s del afeitado o rasurado, ya que disminuye los procesos de inflamaci\u00f3n, retira impurezas, evita que los vellos se incrusten, calma y no contiene alcohol<\/p>\n<p><strong>Contenido:<\/strong> 100 ml<\/p>\n","protected":false},"excerpt":{"rendered":"<p>T\u00f3nico especial para piel mixta o grasa. F\u00f3rmula libre de alcohol, colorantes y aromas artificiales que contiene 4 extractos en agua de rosas, los cuales calman la piel, retiran el exceso de grasa, de impurezas y de rastros de limpiadores. Regula el pH, equilibra la piel, refresca y tonifica. EXTRACTOS QUE CONTIENE: Cal\u00e9ndula, Salvia, Manzanilla [&hellip;]<\/p>\n","protected":false},"featured_media":1360,"comment_status":"open","ping_status":"closed","template":"","meta":{"_joinchat":[]},"product_cat":[18],"product_tag":[],"jetpack_sharing_enabled":true,"_links":{"self":[{"href":"https:\/\/pacuidarte.com\/index.php\/wp-json\/wp\/v2\/product\/283"}],"collection":[{"href":"https:\/\/pacuidarte.com\/index.php\/wp-json\/wp\/v2\/product"}],"about":[{"href":"https:\/\/pacuidarte.com\/index.php\/wp-json\/wp\/v2\/types\/product"}],"replies":[{"embeddable":true,"href":"https:\/\/pacuidarte.com\/index.php\/wp-json\/wp\/v2\/comments?post=283"}],"wp:featuredmedia":[{"embeddable":true,"href":"https:\/\/pacuidarte.com\/index.php\/wp-json\/wp\/v2\/media\/1360"}],"wp:attachment":[{"href":"https:\/\/pacuidarte.com\/index.php\/wp-json\/wp\/v2\/media?parent=283"}],"wp:term":[{"taxonomy":"product_cat","embeddable":true,"href":"https:\/\/pacuidarte.com\/index.php\/wp-json\/wp\/v2\/product_cat?post=283"},{"taxonomy":"product_tag","embeddable":true,"href":"https:\/\/pacuidarte.com\/index.php\/wp-json\/wp\/v2\/product_tag?post=283"}],"curies":[{"name":"wp","href":"https:\/\/api.w.org\/{rel}","templated":true}]}}