{"id":282,"date":"2023-09-18T23:43:14","date_gmt":"2023-09-18T23:43:14","guid":{"rendered":"https:\/\/pacuidarte.com\/index.php\/producto\/delineador-negro-en-gel\/"},"modified":"2025-04-24T14:04:47","modified_gmt":"2025-04-24T19:04:47","slug":"delineador-negro-en-gel","status":"publish","type":"product","link":"https:\/\/pacuidarte.com\/index.php\/producto\/delineador-negro-en-gel\/","title":{"rendered":"Delineador negro vegano y natural"},"content":{"rendered":"<p>Delinea tus ojos y pon a prueba tu creatividad con este hermoso delineador natural, vegano, cruelty free, libre de petr\u00f3leos y empaques pl\u00e1sticos.<\/p>\n<p><strong>Ingredientes:<\/strong><\/p>\n<ul>\n<li>\u00d3xido de hierro negro<\/li>\n<li>Polvo de arroz<\/li>\n<li>Extracto de aloe vera<\/li>\n<li>\u00c1cido c\u00edtrico<\/li>\n<\/ul>\n<p><strong>Contenido:<\/strong> 4.4 g<\/p>\n<p>Producto colombiano hecho a mano<\/p>\n","protected":false},"excerpt":{"rendered":"<p>Delinea tus ojos y pon a prueba tu creatividad con este hermoso delineador natural, vegano, cruelty free, libre de petr\u00f3leos y empaques pl\u00e1sticos. Ingredientes: \u00d3xido de hierro negro Polvo de arroz Extracto de aloe vera \u00c1cido c\u00edtrico Contenido: 4.4 g Producto colombiano hecho a mano<\/p>\n","protected":false},"featured_media":600,"comment_status":"open","ping_status":"closed","template":"","meta":{"_joinchat":[]},"product_cat":[18,17,27],"product_tag":[186,185,100,99,98],"jetpack_sharing_enabled":true,"_links":{"self":[{"href":"https:\/\/pacuidarte.com\/index.php\/wp-json\/wp\/v2\/product\/282"}],"collection":[{"href":"https:\/\/pacuidarte.com\/index.php\/wp-json\/wp\/v2\/product"}],"about":[{"href":"https:\/\/pacuidarte.com\/index.php\/wp-json\/wp\/v2\/types\/product"}],"replies":[{"embeddable":true,"href":"https:\/\/pacuidarte.com\/index.php\/wp-json\/wp\/v2\/comments?post=282"}],"wp:featuredmedia":[{"embeddable":true,"href":"https:\/\/pacuidarte.com\/index.php\/wp-json\/wp\/v2\/media\/600"}],"wp:attachment":[{"href":"https:\/\/pacuidarte.com\/index.php\/wp-json\/wp\/v2\/media?parent=282"}],"wp:term":[{"taxonomy":"product_cat","embeddable":true,"href":"https:\/\/pacuidarte.com\/index.php\/wp-json\/wp\/v2\/product_cat?post=282"},{"taxonomy":"product_tag","embeddable":true,"href":"https:\/\/pacuidarte.com\/index.php\/wp-json\/wp\/v2\/product_tag?post=282"}],"curies":[{"name":"wp","href":"https:\/\/api.w.org\/{rel}","templated":true}]}}