{"id":281,"date":"2023-09-18T23:43:14","date_gmt":"2023-09-18T23:43:14","guid":{"rendered":"https:\/\/pacuidarte.com\/index.php\/producto\/bronceador-vegano-y-natural\/"},"modified":"2025-04-04T10:53:36","modified_gmt":"2025-04-04T15:53:36","slug":"bronceador-vegano-y-natural","status":"publish","type":"product","link":"https:\/\/pacuidarte.com\/index.php\/producto\/bronceador-vegano-y-natural\/","title":{"rendered":"Bronceador vegano y natural"},"content":{"rendered":"<p>Contornea tu rostro con este hermoso bronceador s\u00f3lido, natural, vegano, cruelty free y libre de empaques pl\u00e1sticos.<\/p>\n<p><strong>Ingredientes:<\/strong><\/p>\n<ul>\n<li>Cera de carna\u00faba<\/li>\n<li>Cera de soja<\/li>\n<li>Manteca de Karit\u00e9<\/li>\n<li>Mica<\/li>\n<li>Aceite de ricino<\/li>\n<\/ul>\n<p><strong>Contenido:<\/strong> 4.4 g<\/p>\n<p>Producto colombiano hecho a mano<\/p>\n","protected":false},"excerpt":{"rendered":"<p>Contornea tu rostro con este hermoso bronceador s\u00f3lido, natural, vegano, cruelty free y libre de empaques pl\u00e1sticos. Ingredientes: Cera de carna\u00faba Cera de soja Manteca de Karit\u00e9 Mica Aceite de ricino Contenido: 4.4 g Producto colombiano hecho a mano<\/p>\n","protected":false},"featured_media":806,"comment_status":"open","ping_status":"closed","template":"","meta":{"_joinchat":[]},"product_cat":[27],"product_tag":[82,100,101,99,98,83],"jetpack_sharing_enabled":true,"_links":{"self":[{"href":"https:\/\/pacuidarte.com\/index.php\/wp-json\/wp\/v2\/product\/281"}],"collection":[{"href":"https:\/\/pacuidarte.com\/index.php\/wp-json\/wp\/v2\/product"}],"about":[{"href":"https:\/\/pacuidarte.com\/index.php\/wp-json\/wp\/v2\/types\/product"}],"replies":[{"embeddable":true,"href":"https:\/\/pacuidarte.com\/index.php\/wp-json\/wp\/v2\/comments?post=281"}],"wp:featuredmedia":[{"embeddable":true,"href":"https:\/\/pacuidarte.com\/index.php\/wp-json\/wp\/v2\/media\/806"}],"wp:attachment":[{"href":"https:\/\/pacuidarte.com\/index.php\/wp-json\/wp\/v2\/media?parent=281"}],"wp:term":[{"taxonomy":"product_cat","embeddable":true,"href":"https:\/\/pacuidarte.com\/index.php\/wp-json\/wp\/v2\/product_cat?post=281"},{"taxonomy":"product_tag","embeddable":true,"href":"https:\/\/pacuidarte.com\/index.php\/wp-json\/wp\/v2\/product_tag?post=281"}],"curies":[{"name":"wp","href":"https:\/\/api.w.org\/{rel}","templated":true}]}}