{"id":280,"date":"2023-09-18T23:43:14","date_gmt":"2023-09-18T23:43:14","guid":{"rendered":"https:\/\/pacuidarte.com\/index.php\/producto\/desodorante-de-mujer\/"},"modified":"2025-02-02T16:38:59","modified_gmt":"2025-02-02T21:38:59","slug":"desodorante-de-mujer","status":"publish","type":"product","link":"https:\/\/pacuidarte.com\/index.php\/producto\/desodorante-de-mujer\/","title":{"rendered":"Desodorante de mujer"},"content":{"rendered":"<p>Este desodorante est\u00e1 elaborado con ingredientes bioactivos de tomillo, salvia, romero y laurel, que por sus propiedades evitan el mal olor causado por las bacterias en la sudoraci\u00f3n.<br \/>\nNo mancha la piel, no contiene alcohol et\u00edlico, ni compuestos antitraspirantes, por lo que tu piel podr\u00e1 respirar naturalmente.<\/p>\n<p><strong>Contenido:<\/strong> 60 ml<\/p>\n","protected":false},"excerpt":{"rendered":"<p>Este desodorante est\u00e1 elaborado con ingredientes bioactivos de tomillo, salvia, romero y laurel, que por sus propiedades evitan el mal olor causado por las bacterias en la sudoraci\u00f3n. No mancha la piel, no contiene alcohol et\u00edlico, ni compuestos antitraspirantes, por lo que tu piel podr\u00e1 respirar naturalmente. Contenido: 60 ml<\/p>\n","protected":false},"featured_media":594,"comment_status":"open","ping_status":"closed","template":"","meta":{"_joinchat":[]},"product_cat":[20],"product_tag":[179,194,196,197],"jetpack_sharing_enabled":true,"_links":{"self":[{"href":"https:\/\/pacuidarte.com\/index.php\/wp-json\/wp\/v2\/product\/280"}],"collection":[{"href":"https:\/\/pacuidarte.com\/index.php\/wp-json\/wp\/v2\/product"}],"about":[{"href":"https:\/\/pacuidarte.com\/index.php\/wp-json\/wp\/v2\/types\/product"}],"replies":[{"embeddable":true,"href":"https:\/\/pacuidarte.com\/index.php\/wp-json\/wp\/v2\/comments?post=280"}],"wp:featuredmedia":[{"embeddable":true,"href":"https:\/\/pacuidarte.com\/index.php\/wp-json\/wp\/v2\/media\/594"}],"wp:attachment":[{"href":"https:\/\/pacuidarte.com\/index.php\/wp-json\/wp\/v2\/media?parent=280"}],"wp:term":[{"taxonomy":"product_cat","embeddable":true,"href":"https:\/\/pacuidarte.com\/index.php\/wp-json\/wp\/v2\/product_cat?post=280"},{"taxonomy":"product_tag","embeddable":true,"href":"https:\/\/pacuidarte.com\/index.php\/wp-json\/wp\/v2\/product_tag?post=280"}],"curies":[{"name":"wp","href":"https:\/\/api.w.org\/{rel}","templated":true}]}}