{"id":279,"date":"2023-09-18T23:43:14","date_gmt":"2023-09-18T23:43:14","guid":{"rendered":"https:\/\/pacuidarte.com\/index.php\/producto\/bolsa-para-frutas-y-verduras\/"},"modified":"2024-03-27T09:30:25","modified_gmt":"2024-03-27T14:30:25","slug":"bolsa-para-frutas-y-verduras","status":"publish","type":"product","link":"https:\/\/pacuidarte.com\/index.php\/producto\/bolsa-para-frutas-y-verduras\/","title":{"rendered":"Set de bolsas para frutas y verduras reutilizables"},"content":{"rendered":"<p>Con este maravilloso set podr\u00e1s ir de compras, separar las frutas y verduras y pesarlas como de costumbre, pero sin usar las t\u00edpicas bolsitas transparentes. Podr\u00e1s tambi\u00e9n usarlas para almacenarlas en tu nevera o congelador.<\/p>\n<p><strong>Material:<\/strong> Malla poliester<br \/>\nHechas en Colombia<\/p>\n<ul>\n<li>S (20 x 25 cm) x 2<\/li>\n<li>M (25 x 30 cm) x 2<\/li>\n<li>L (30 x 40 cm) x 2<\/li>\n<\/ul>\n","protected":false},"excerpt":{"rendered":"<p>Con este maravilloso set podr\u00e1s ir de compras, separar las frutas y verduras y pesarlas como de costumbre, pero sin usar las t\u00edpicas bolsitas transparentes. Podr\u00e1s tambi\u00e9n usarlas para almacenarlas en tu nevera o congelador. Material: Malla poliester Hechas en Colombia S (20 x 25 cm) x 2 M (25 x 30 cm) x 2 [&hellip;]<\/p>\n","protected":false},"featured_media":620,"comment_status":"open","ping_status":"closed","template":"","meta":{"_joinchat":[]},"product_cat":[17],"product_tag":[],"jetpack_sharing_enabled":true,"_links":{"self":[{"href":"https:\/\/pacuidarte.com\/index.php\/wp-json\/wp\/v2\/product\/279"}],"collection":[{"href":"https:\/\/pacuidarte.com\/index.php\/wp-json\/wp\/v2\/product"}],"about":[{"href":"https:\/\/pacuidarte.com\/index.php\/wp-json\/wp\/v2\/types\/product"}],"replies":[{"embeddable":true,"href":"https:\/\/pacuidarte.com\/index.php\/wp-json\/wp\/v2\/comments?post=279"}],"wp:featuredmedia":[{"embeddable":true,"href":"https:\/\/pacuidarte.com\/index.php\/wp-json\/wp\/v2\/media\/620"}],"wp:attachment":[{"href":"https:\/\/pacuidarte.com\/index.php\/wp-json\/wp\/v2\/media?parent=279"}],"wp:term":[{"taxonomy":"product_cat","embeddable":true,"href":"https:\/\/pacuidarte.com\/index.php\/wp-json\/wp\/v2\/product_cat?post=279"},{"taxonomy":"product_tag","embeddable":true,"href":"https:\/\/pacuidarte.com\/index.php\/wp-json\/wp\/v2\/product_tag?post=279"}],"curies":[{"name":"wp","href":"https:\/\/api.w.org\/{rel}","templated":true}]}}