{"id":278,"date":"2023-09-18T23:43:14","date_gmt":"2023-09-18T23:43:14","guid":{"rendered":"https:\/\/pacuidarte.com\/index.php\/producto\/toallitas-desmaquillantes-reutilizables\/"},"modified":"2024-08-20T22:32:34","modified_gmt":"2024-08-21T03:32:34","slug":"toallitas-desmaquillantes-reutilizables","status":"publish","type":"product","link":"https:\/\/pacuidarte.com\/index.php\/producto\/toallitas-desmaquillantes-reutilizables\/","title":{"rendered":"Toallitas desmaquillantes reutilizables"},"content":{"rendered":"<p>Set x 10 toallitas desmaquillantes<\/p>\n<p>Cada noche antes de irnos a dormir usamos los t\u00edpicos pa\u00f1itos h\u00famedos desmaquillantes que tardar\u00e1n varios a\u00f1os en descomponerse. Podemos optar por toallitas desmaquillantes reutilizables, libres de qu\u00edmicos, suaves, naturales, hechas con productos y por manos colombianas.<\/p>\n<p>Cada toallita tiene una vida \u00fatil en promedio de 9 meses y al final de su ciclo puedes compostarla.<\/p>\n","protected":false},"excerpt":{"rendered":"<p>Set x 10 toallitas desmaquillantes Cada noche antes de irnos a dormir usamos los t\u00edpicos pa\u00f1itos h\u00famedos desmaquillantes que tardar\u00e1n varios a\u00f1os en descomponerse. Podemos optar por toallitas desmaquillantes reutilizables, libres de qu\u00edmicos, suaves, naturales, hechas con productos y por manos colombianas. Cada toallita tiene una vida \u00fatil en promedio de 9 meses y al [&hellip;]<\/p>\n","protected":false},"featured_media":843,"comment_status":"open","ping_status":"closed","template":"","meta":{"_joinchat":[]},"product_cat":[18,27],"product_tag":[],"jetpack_sharing_enabled":true,"_links":{"self":[{"href":"https:\/\/pacuidarte.com\/index.php\/wp-json\/wp\/v2\/product\/278"}],"collection":[{"href":"https:\/\/pacuidarte.com\/index.php\/wp-json\/wp\/v2\/product"}],"about":[{"href":"https:\/\/pacuidarte.com\/index.php\/wp-json\/wp\/v2\/types\/product"}],"replies":[{"embeddable":true,"href":"https:\/\/pacuidarte.com\/index.php\/wp-json\/wp\/v2\/comments?post=278"}],"wp:featuredmedia":[{"embeddable":true,"href":"https:\/\/pacuidarte.com\/index.php\/wp-json\/wp\/v2\/media\/843"}],"wp:attachment":[{"href":"https:\/\/pacuidarte.com\/index.php\/wp-json\/wp\/v2\/media?parent=278"}],"wp:term":[{"taxonomy":"product_cat","embeddable":true,"href":"https:\/\/pacuidarte.com\/index.php\/wp-json\/wp\/v2\/product_cat?post=278"},{"taxonomy":"product_tag","embeddable":true,"href":"https:\/\/pacuidarte.com\/index.php\/wp-json\/wp\/v2\/product_tag?post=278"}],"curies":[{"name":"wp","href":"https:\/\/api.w.org\/{rel}","templated":true}]}}