{"id":277,"date":"2023-09-18T23:43:14","date_gmt":"2023-09-18T23:43:14","guid":{"rendered":"https:\/\/pacuidarte.com\/index.php\/producto\/set-x-11-brochas-de-bambu\/"},"modified":"2025-04-16T16:10:20","modified_gmt":"2025-04-16T21:10:20","slug":"set-x-11-brochas-de-bambu","status":"publish","type":"product","link":"https:\/\/pacuidarte.com\/index.php\/producto\/set-x-11-brochas-de-bambu\/","title":{"rendered":"Set x 11 brochas de bamb\u00fa"},"content":{"rendered":"<p>Ahora maquillarte tambi\u00e9n puede ayudarte a que te sumes al cambio<\/p>\n<p>Este lindo set est\u00e1 conformado por 11 brochitas, 5 para rostro y 6 para ojos y cejas.<\/p>\n<p>Son suavecitas y traen su propio estuche de tela.<\/p>\n<p>Su mango est\u00e1 elaborado 100% en bamb\u00fa y sus cerdas son sint\u00e9ticas, lo que las hace libres de crueldad animal y m\u00e1s amigables con el medio ambiente, pues al finalizar su vida \u00fatil podr\u00e1s reciclar sus cerdas y compostar su mango.<\/p>\n<p>&nbsp;<\/p>\n","protected":false},"excerpt":{"rendered":"<p>Ahora maquillarte tambi\u00e9n puede ayudarte a que te sumes al cambio Este lindo set est\u00e1 conformado por 11 brochitas, 5 para rostro y 6 para ojos y cejas. Son suavecitas y traen su propio estuche de tela. Su mango est\u00e1 elaborado 100% en bamb\u00fa y sus cerdas son sint\u00e9ticas, lo que las hace libres de [&hellip;]<\/p>\n","protected":false},"featured_media":608,"comment_status":"open","ping_status":"closed","template":"","meta":{"_joinchat":[]},"product_cat":[27],"product_tag":[],"jetpack_sharing_enabled":true,"_links":{"self":[{"href":"https:\/\/pacuidarte.com\/index.php\/wp-json\/wp\/v2\/product\/277"}],"collection":[{"href":"https:\/\/pacuidarte.com\/index.php\/wp-json\/wp\/v2\/product"}],"about":[{"href":"https:\/\/pacuidarte.com\/index.php\/wp-json\/wp\/v2\/types\/product"}],"replies":[{"embeddable":true,"href":"https:\/\/pacuidarte.com\/index.php\/wp-json\/wp\/v2\/comments?post=277"}],"wp:featuredmedia":[{"embeddable":true,"href":"https:\/\/pacuidarte.com\/index.php\/wp-json\/wp\/v2\/media\/608"}],"wp:attachment":[{"href":"https:\/\/pacuidarte.com\/index.php\/wp-json\/wp\/v2\/media?parent=277"}],"wp:term":[{"taxonomy":"product_cat","embeddable":true,"href":"https:\/\/pacuidarte.com\/index.php\/wp-json\/wp\/v2\/product_cat?post=277"},{"taxonomy":"product_tag","embeddable":true,"href":"https:\/\/pacuidarte.com\/index.php\/wp-json\/wp\/v2\/product_tag?post=277"}],"curies":[{"name":"wp","href":"https:\/\/api.w.org\/{rel}","templated":true}]}}