{"id":274,"date":"2023-09-18T23:43:14","date_gmt":"2023-09-18T23:43:14","guid":{"rendered":"https:\/\/pacuidarte.com\/index.php\/producto\/peinilla-sin-mango\/"},"modified":"2025-04-04T10:53:50","modified_gmt":"2025-04-04T15:53:50","slug":"peinilla-sin-mango","status":"publish","type":"product","link":"https:\/\/pacuidarte.com\/index.php\/producto\/peinilla-sin-mango\/","title":{"rendered":"Peinilla sin mango"},"content":{"rendered":"<p>Al ser elaborada en bamb\u00fa, no s\u00f3lo evitar\u00e1s en un futuro m\u00e1s desechos pl\u00e1sticos, sino que tambi\u00e9n puede ayudarte a reducir el frizz y cuidar de tu cabello, ya que son m\u00e1s suaves.<\/p>\n","protected":false},"excerpt":{"rendered":"<p>Al ser elaborada en bamb\u00fa, no s\u00f3lo evitar\u00e1s en un futuro m\u00e1s desechos pl\u00e1sticos, sino que tambi\u00e9n puede ayudarte a reducir el frizz y cuidar de tu cabello, ya que son m\u00e1s suaves.<\/p>\n","protected":false},"featured_media":602,"comment_status":"open","ping_status":"closed","template":"","meta":{"_joinchat":[]},"product_cat":[16],"product_tag":[],"jetpack_sharing_enabled":true,"_links":{"self":[{"href":"https:\/\/pacuidarte.com\/index.php\/wp-json\/wp\/v2\/product\/274"}],"collection":[{"href":"https:\/\/pacuidarte.com\/index.php\/wp-json\/wp\/v2\/product"}],"about":[{"href":"https:\/\/pacuidarte.com\/index.php\/wp-json\/wp\/v2\/types\/product"}],"replies":[{"embeddable":true,"href":"https:\/\/pacuidarte.com\/index.php\/wp-json\/wp\/v2\/comments?post=274"}],"wp:featuredmedia":[{"embeddable":true,"href":"https:\/\/pacuidarte.com\/index.php\/wp-json\/wp\/v2\/media\/602"}],"wp:attachment":[{"href":"https:\/\/pacuidarte.com\/index.php\/wp-json\/wp\/v2\/media?parent=274"}],"wp:term":[{"taxonomy":"product_cat","embeddable":true,"href":"https:\/\/pacuidarte.com\/index.php\/wp-json\/wp\/v2\/product_cat?post=274"},{"taxonomy":"product_tag","embeddable":true,"href":"https:\/\/pacuidarte.com\/index.php\/wp-json\/wp\/v2\/product_tag?post=274"}],"curies":[{"name":"wp","href":"https:\/\/api.w.org\/{rel}","templated":true}]}}