{"id":271,"date":"2023-09-18T23:43:14","date_gmt":"2023-09-18T23:43:14","guid":{"rendered":"https:\/\/pacuidarte.com\/index.php\/producto\/maquina-de-afeitar-de-acero-inoxidable\/"},"modified":"2025-07-24T20:06:52","modified_gmt":"2025-07-25T01:06:52","slug":"maquina-de-afeitar-de-acero-inoxidable","status":"publish","type":"product","link":"https:\/\/pacuidarte.com\/index.php\/producto\/maquina-de-afeitar-de-acero-inoxidable\/","title":{"rendered":"M\u00e1quina de afeitar en acero inoxidable"},"content":{"rendered":"<p><strong>\u00a1Una m\u00e1quina de afeitar para toda la vida!<\/strong><\/p>\n<p>Est\u00e1 fabricada en acero inoxidable y las cuchillas que requiere son tipo Minora, muy f\u00e1ciles de conseguir.<\/p>\n<p>S\u00f3lo giras, separas el cabezal y pones o quitas la cuchilla.<\/p>\n<p>Te recomendamos desarmar, limpiar y secar muy bien despu\u00e9s de cada uso, para as\u00ed proteger su vida \u00fatil. No la golpees contra el lavamanos para sacudir el vello que en ella se queda, podr\u00edas quebrar alguno de los dos&#8230;<\/p>\n<p><span style=\"color: #000000;\"><strong>Incluye una cuchilla<\/strong><\/span><\/p>\n","protected":false},"excerpt":{"rendered":"<p>\u00a1Una m\u00e1quina de afeitar para toda la vida! Est\u00e1 fabricada en acero inoxidable y las cuchillas que requiere son tipo Minora, muy f\u00e1ciles de conseguir. S\u00f3lo giras, separas el cabezal y pones o quitas la cuchilla. Te recomendamos desarmar, limpiar y secar muy bien despu\u00e9s de cada uso, para as\u00ed proteger su vida \u00fatil. No [&hellip;]<\/p>\n","protected":false},"featured_media":596,"comment_status":"open","ping_status":"closed","template":"","meta":{"_joinchat":[]},"product_cat":[22,18],"product_tag":[],"jetpack_sharing_enabled":true,"_links":{"self":[{"href":"https:\/\/pacuidarte.com\/index.php\/wp-json\/wp\/v2\/product\/271"}],"collection":[{"href":"https:\/\/pacuidarte.com\/index.php\/wp-json\/wp\/v2\/product"}],"about":[{"href":"https:\/\/pacuidarte.com\/index.php\/wp-json\/wp\/v2\/types\/product"}],"replies":[{"embeddable":true,"href":"https:\/\/pacuidarte.com\/index.php\/wp-json\/wp\/v2\/comments?post=271"}],"wp:featuredmedia":[{"embeddable":true,"href":"https:\/\/pacuidarte.com\/index.php\/wp-json\/wp\/v2\/media\/596"}],"wp:attachment":[{"href":"https:\/\/pacuidarte.com\/index.php\/wp-json\/wp\/v2\/media?parent=271"}],"wp:term":[{"taxonomy":"product_cat","embeddable":true,"href":"https:\/\/pacuidarte.com\/index.php\/wp-json\/wp\/v2\/product_cat?post=271"},{"taxonomy":"product_tag","embeddable":true,"href":"https:\/\/pacuidarte.com\/index.php\/wp-json\/wp\/v2\/product_tag?post=271"}],"curies":[{"name":"wp","href":"https:\/\/api.w.org\/{rel}","templated":true}]}}