{"id":270,"date":"2023-09-18T23:43:14","date_gmt":"2023-09-18T23:43:14","guid":{"rendered":"https:\/\/pacuidarte.com\/index.php\/producto\/humectante-para-unas-y-piel\/"},"modified":"2024-01-23T12:25:27","modified_gmt":"2024-01-23T17:25:27","slug":"humectante-para-unas-y-piel","status":"publish","type":"product","link":"https:\/\/pacuidarte.com\/index.php\/producto\/humectante-para-unas-y-piel\/","title":{"rendered":"Humectante para u\u00f1as y piel"},"content":{"rendered":"<p>Este humectante es una maravilla. Con 47% de aceite de cacay, aceite de karit\u00e9 y aceite coco.<\/p>\n<p><strong>\u00bfHas pensado qu\u00e9 cuidado le das a tus u\u00f1as? <\/strong><\/p>\n<p>Normalmente humectamos nuestra piel de la cara y del cuerpo pero las u\u00f1as quedan olvidadas. La idea de este producto es que las nutras cuando las tengas despintadas. Puedes usarlo tambi\u00e9n en la piel alrededor de las u\u00f1as.<\/p>\n<p>No es una base ni reemplaza este tipo de productos.<\/p>\n<p><strong>Contenido:\u00a0<\/strong>5 ml<\/p>\n","protected":false},"excerpt":{"rendered":"<p>Este humectante es una maravilla. Con 47% de aceite de cacay, aceite de karit\u00e9 y aceite coco. \u00bfHas pensado qu\u00e9 cuidado le das a tus u\u00f1as? Normalmente humectamos nuestra piel de la cara y del cuerpo pero las u\u00f1as quedan olvidadas. La idea de este producto es que las nutras cuando las tengas despintadas. Puedes [&hellip;]<\/p>\n","protected":false},"featured_media":780,"comment_status":"open","ping_status":"closed","template":"","meta":{"_joinchat":[]},"product_cat":[30],"product_tag":[],"jetpack_sharing_enabled":true,"_links":{"self":[{"href":"https:\/\/pacuidarte.com\/index.php\/wp-json\/wp\/v2\/product\/270"}],"collection":[{"href":"https:\/\/pacuidarte.com\/index.php\/wp-json\/wp\/v2\/product"}],"about":[{"href":"https:\/\/pacuidarte.com\/index.php\/wp-json\/wp\/v2\/types\/product"}],"replies":[{"embeddable":true,"href":"https:\/\/pacuidarte.com\/index.php\/wp-json\/wp\/v2\/comments?post=270"}],"wp:featuredmedia":[{"embeddable":true,"href":"https:\/\/pacuidarte.com\/index.php\/wp-json\/wp\/v2\/media\/780"}],"wp:attachment":[{"href":"https:\/\/pacuidarte.com\/index.php\/wp-json\/wp\/v2\/media?parent=270"}],"wp:term":[{"taxonomy":"product_cat","embeddable":true,"href":"https:\/\/pacuidarte.com\/index.php\/wp-json\/wp\/v2\/product_cat?post=270"},{"taxonomy":"product_tag","embeddable":true,"href":"https:\/\/pacuidarte.com\/index.php\/wp-json\/wp\/v2\/product_tag?post=270"}],"curies":[{"name":"wp","href":"https:\/\/api.w.org\/{rel}","templated":true}]}}