{"id":268,"date":"2023-09-18T23:43:14","date_gmt":"2023-09-18T23:43:14","guid":{"rendered":"https:\/\/pacuidarte.com\/index.php\/producto\/barrita-maravilla\/"},"modified":"2025-01-12T18:38:42","modified_gmt":"2025-01-12T23:38:42","slug":"barrita-maravilla","status":"publish","type":"product","link":"https:\/\/pacuidarte.com\/index.php\/producto\/barrita-maravilla\/","title":{"rendered":"Barrita maravilla"},"content":{"rendered":"<p>Barrita de cristal doble punta y triple funci\u00f3n.<\/p>\n<p>El extremo plano es usado para correr la cut\u00edcula y el extremo puntiagudo para limpiar impurezas y remover piel en exceso alrededor de las u\u00f1as.<\/p>\n<p>Ambos extremos completos se usan en la piel alrededor de las u\u00f1as para suavizarla, como una piedra p\u00f3mez (pero mejorada), pues al ser de cristal no corta ni maltrata la piel.<\/p>\n","protected":false},"excerpt":{"rendered":"<p>Barrita de cristal doble punta y triple funci\u00f3n. El extremo plano es usado para correr la cut\u00edcula y el extremo puntiagudo para limpiar impurezas y remover piel en exceso alrededor de las u\u00f1as. Ambos extremos completos se usan en la piel alrededor de las u\u00f1as para suavizarla, como una piedra p\u00f3mez (pero mejorada), pues al [&hellip;]<\/p>\n","protected":false},"featured_media":801,"comment_status":"open","ping_status":"closed","template":"","meta":{"_joinchat":[]},"product_cat":[30],"product_tag":[48,86,63,47],"jetpack_sharing_enabled":true,"_links":{"self":[{"href":"https:\/\/pacuidarte.com\/index.php\/wp-json\/wp\/v2\/product\/268"}],"collection":[{"href":"https:\/\/pacuidarte.com\/index.php\/wp-json\/wp\/v2\/product"}],"about":[{"href":"https:\/\/pacuidarte.com\/index.php\/wp-json\/wp\/v2\/types\/product"}],"replies":[{"embeddable":true,"href":"https:\/\/pacuidarte.com\/index.php\/wp-json\/wp\/v2\/comments?post=268"}],"wp:featuredmedia":[{"embeddable":true,"href":"https:\/\/pacuidarte.com\/index.php\/wp-json\/wp\/v2\/media\/801"}],"wp:attachment":[{"href":"https:\/\/pacuidarte.com\/index.php\/wp-json\/wp\/v2\/media?parent=268"}],"wp:term":[{"taxonomy":"product_cat","embeddable":true,"href":"https:\/\/pacuidarte.com\/index.php\/wp-json\/wp\/v2\/product_cat?post=268"},{"taxonomy":"product_tag","embeddable":true,"href":"https:\/\/pacuidarte.com\/index.php\/wp-json\/wp\/v2\/product_tag?post=268"}],"curies":[{"name":"wp","href":"https:\/\/api.w.org\/{rel}","templated":true}]}}