{"id":2671,"date":"2025-08-09T19:28:47","date_gmt":"2025-08-10T00:28:47","guid":{"rendered":"https:\/\/pacuidarte.com\/?post_type=product&#038;p=2671"},"modified":"2025-08-16T19:02:09","modified_gmt":"2025-08-17T00:02:09","slug":"shampoo-con-complejo-de-cafe-cbd-procapil","status":"publish","type":"product","link":"https:\/\/pacuidarte.com\/index.php\/producto\/shampoo-con-complejo-de-cafe-cbd-procapil\/","title":{"rendered":"Shampoo con complejo de caf\u00e9 + CBD + procapil"},"content":{"rendered":"<p>Dale un impulso poderoso a tu cabello con nuestra f\u00f3rmula avanzada a base de caf\u00e9, Procapil\u2122\ufe0f y CBD Complex.<\/p>\n<p>Este shampoo estimula la circulaci\u00f3n del cuero cabelludo, fortalece el fol\u00edculo piloso y nutre profundamente desde la ra\u00edz. Favorece el crecimiento acelerado, reducci\u00f3n de la ca\u00edda y una melena visiblemente m\u00e1s fuerte, saludable y con brillo natural.<\/p>\n<p>Ideal para todo tipo de cabello. Uso diario.<\/p>\n<p>El Procapil es un activo cosm\u00e9tico avanzado formulado a partir de biotina (vitamina H), apigenina (un flavonoide presente en plantas) y \u00e1cido olean\u00f3lico derivado de hojas de olivo. Su funci\u00f3n principal es fortalecer los fol\u00edculos capilares, mejorar la microcirculaci\u00f3n del cuero cabelludo y prolongar la fase de crecimiento del cabello (an\u00e1gena). Estos efectos ayudan a prevenir la ca\u00edda, aumentar la densidad y promover un cabello m\u00e1s grueso, resistente y con vitalidad.<\/p>\n","protected":false},"excerpt":{"rendered":"<p>Dale un impulso poderoso a tu cabello con nuestra f\u00f3rmula avanzada a base de caf\u00e9, Procapil\u2122\ufe0f y CBD Complex. Este shampoo estimula la circulaci\u00f3n del cuero cabelludo, fortalece el fol\u00edculo piloso y nutre profundamente desde la ra\u00edz. Favorece el crecimiento acelerado, reducci\u00f3n de la ca\u00edda y una melena visiblemente m\u00e1s fuerte, saludable y con brillo [&hellip;]<\/p>\n","protected":false},"featured_media":2672,"comment_status":"open","ping_status":"closed","template":"","meta":{"_joinchat":[]},"product_cat":[16,17],"product_tag":[130,208,306,211],"jetpack_sharing_enabled":true,"_links":{"self":[{"href":"https:\/\/pacuidarte.com\/index.php\/wp-json\/wp\/v2\/product\/2671"}],"collection":[{"href":"https:\/\/pacuidarte.com\/index.php\/wp-json\/wp\/v2\/product"}],"about":[{"href":"https:\/\/pacuidarte.com\/index.php\/wp-json\/wp\/v2\/types\/product"}],"replies":[{"embeddable":true,"href":"https:\/\/pacuidarte.com\/index.php\/wp-json\/wp\/v2\/comments?post=2671"}],"wp:featuredmedia":[{"embeddable":true,"href":"https:\/\/pacuidarte.com\/index.php\/wp-json\/wp\/v2\/media\/2672"}],"wp:attachment":[{"href":"https:\/\/pacuidarte.com\/index.php\/wp-json\/wp\/v2\/media?parent=2671"}],"wp:term":[{"taxonomy":"product_cat","embeddable":true,"href":"https:\/\/pacuidarte.com\/index.php\/wp-json\/wp\/v2\/product_cat?post=2671"},{"taxonomy":"product_tag","embeddable":true,"href":"https:\/\/pacuidarte.com\/index.php\/wp-json\/wp\/v2\/product_tag?post=2671"}],"curies":[{"name":"wp","href":"https:\/\/api.w.org\/{rel}","templated":true}]}}