{"id":266,"date":"2023-09-18T23:43:14","date_gmt":"2023-09-18T23:43:14","guid":{"rendered":"https:\/\/pacuidarte.com\/index.php\/producto\/lima-de-cristal-mediana\/"},"modified":"2025-02-02T16:50:33","modified_gmt":"2025-02-02T21:50:33","slug":"lima-de-cristal-mediana","status":"publish","type":"product","link":"https:\/\/pacuidarte.com\/index.php\/producto\/lima-de-cristal-mediana\/","title":{"rendered":"Lima de cristal mediana"},"content":{"rendered":"<p>Esta linda limita est\u00e1 elaborada en cristal y te puede durar toooda la vida.<br \/>\nEvitar\u00e1s comprar constantemente limas desechables. Tu bolsillo te lo va a agradecer.<br \/>\nAdem\u00e1s, contribuir\u00e1s al cuidado del medio ambiente evitando el uso de productos poco duraderas.<\/p>\n<ul>\n<li>No se desgastan y cuentan con una superficie de puntas lijantes uniformes y regulares.<\/li>\n<li>Proporcionan un limado fino, delicado y uniforme, evitando que las u\u00f1as se quiebren y se desflequen.<\/li>\n<li>Son higi\u00e9nicas, no porosas, lavables y aptas para ser esterilizados. No est\u00e1n sujetos a corrosi\u00f3n y son alerg\u00e9nicos.<\/li>\n<li>Ideales para u\u00f1as naturales y muy \u00fatiles en tratamientos para suavizar endurecimientos de la piel.<\/li>\n<\/ul>\n<p><strong>Medidas:<\/strong> Alto 13.5 cm, ancho 1 cm<\/p>\n<p><span class=\"selectable-text copyable-text\">El color que se te enviar\u00e1 ser\u00e1 sorpresa, pero en todo caso es hermoso! Si tienes alguna preferencia d\u00e9janos una observaci\u00f3n y si tenemos el color disponible te lo enviaremos.<\/span><\/p>\n","protected":false},"excerpt":{"rendered":"<p>Esta linda limita est\u00e1 elaborada en cristal y te puede durar toooda la vida. Evitar\u00e1s comprar constantemente limas desechables. Tu bolsillo te lo va a agradecer. Adem\u00e1s, contribuir\u00e1s al cuidado del medio ambiente evitando el uso de productos poco duraderas. No se desgastan y cuentan con una superficie de puntas lijantes uniformes y regulares. Proporcionan [&hellip;]<\/p>\n","protected":false},"featured_media":797,"comment_status":"open","ping_status":"closed","template":"","meta":{"_joinchat":[]},"product_cat":[30],"product_tag":[],"jetpack_sharing_enabled":true,"_links":{"self":[{"href":"https:\/\/pacuidarte.com\/index.php\/wp-json\/wp\/v2\/product\/266"}],"collection":[{"href":"https:\/\/pacuidarte.com\/index.php\/wp-json\/wp\/v2\/product"}],"about":[{"href":"https:\/\/pacuidarte.com\/index.php\/wp-json\/wp\/v2\/types\/product"}],"replies":[{"embeddable":true,"href":"https:\/\/pacuidarte.com\/index.php\/wp-json\/wp\/v2\/comments?post=266"}],"wp:featuredmedia":[{"embeddable":true,"href":"https:\/\/pacuidarte.com\/index.php\/wp-json\/wp\/v2\/media\/797"}],"wp:attachment":[{"href":"https:\/\/pacuidarte.com\/index.php\/wp-json\/wp\/v2\/media?parent=266"}],"wp:term":[{"taxonomy":"product_cat","embeddable":true,"href":"https:\/\/pacuidarte.com\/index.php\/wp-json\/wp\/v2\/product_cat?post=266"},{"taxonomy":"product_tag","embeddable":true,"href":"https:\/\/pacuidarte.com\/index.php\/wp-json\/wp\/v2\/product_tag?post=266"}],"curies":[{"name":"wp","href":"https:\/\/api.w.org\/{rel}","templated":true}]}}