{"id":265,"date":"2023-09-18T23:43:14","date_gmt":"2023-09-18T23:43:14","guid":{"rendered":"https:\/\/pacuidarte.com\/index.php\/producto\/lima-de-cristal-grande\/"},"modified":"2024-08-01T19:53:39","modified_gmt":"2024-08-02T00:53:39","slug":"lima-de-cristal-grande","status":"publish","type":"product","link":"https:\/\/pacuidarte.com\/index.php\/producto\/lima-de-cristal-grande\/","title":{"rendered":"Lima de cristal grande"},"content":{"rendered":"<p>Evitar\u00e1s comprar constantemente limas desechables. Tu bolsillo te lo va a agradecer. Adem\u00e1s, contribuir\u00e1s al cuidado del medio ambiente evitando el uso de productos poco duraderas.<\/p>\n<p class=\"selectable-text copyable-text iq0m558w g0rxnol2\" dir=\"ltr\"><span class=\"selectable-text copyable-text\">Las limas CristalUp cuentan con una superficie uniforme que sella las capas de las u\u00f1as sin maltratarlas, haciendo que se fortalezcan en cada uso. Adem\u00e1s, son casi ilimitadas, solo debes lavarlas con agua y jab\u00f3n despu\u00e9s de usarlas para que su superficie abrasiva quede como nueva.<\/span><\/p>\n<p class=\"selectable-text copyable-text iq0m558w g0rxnol2\" dir=\"ltr\"><span class=\"selectable-text copyable-text\">\u00a1Y lo mejor! Puedes hacer de ella tu COMPA\u00d1ERA FIEL cuando vayas a la peluquer\u00eda. Nuestra lima large es la favorita de las manicuristas por su tama\u00f1o y comodidad. Adem\u00e1s es la lima perfecta para tener en tu kit de peluquer\u00eda.<\/span><\/p>\n<p class=\"selectable-text copyable-text iq0m558w g0rxnol2\" dir=\"ltr\"><span class=\"selectable-text copyable-text\">El color que se te enviar\u00e1 ser\u00e1 sorpresa (todos son hermosos). Si tienes alguna preferencia d\u00e9janos una observaci\u00f3n y si tenemos el color disponible te lo enviaremos. <\/span><\/p>\n<p class=\"selectable-text copyable-text iq0m558w g0rxnol2\" dir=\"ltr\"><span class=\"selectable-text copyable-text\">Viene en un empaque de PVC, flexible, blanco con transparente. <\/span><\/p>\n<p class=\"selectable-text copyable-text iq0m558w g0rxnol2\" dir=\"ltr\"><span class=\"selectable-text copyable-text\">Alto 19.5 cm<\/span><\/p>\n<p class=\"selectable-text copyable-text iq0m558w g0rxnol2\" dir=\"ltr\"><span class=\"selectable-text copyable-text\">Ancho 1.8 cm<\/span><\/p>\n","protected":false},"excerpt":{"rendered":"<p>Evitar\u00e1s comprar constantemente limas desechables. Tu bolsillo te lo va a agradecer. Adem\u00e1s, contribuir\u00e1s al cuidado del medio ambiente evitando el uso de productos poco duraderas. Las limas CristalUp cuentan con una superficie uniforme que sella las capas de las u\u00f1as sin maltratarlas, haciendo que se fortalezcan en cada uso. Adem\u00e1s, son casi ilimitadas, solo [&hellip;]<\/p>\n","protected":false},"featured_media":956,"comment_status":"open","ping_status":"closed","template":"","meta":{"_joinchat":[]},"product_cat":[30],"product_tag":[48,51,49,50,47],"jetpack_sharing_enabled":true,"_links":{"self":[{"href":"https:\/\/pacuidarte.com\/index.php\/wp-json\/wp\/v2\/product\/265"}],"collection":[{"href":"https:\/\/pacuidarte.com\/index.php\/wp-json\/wp\/v2\/product"}],"about":[{"href":"https:\/\/pacuidarte.com\/index.php\/wp-json\/wp\/v2\/types\/product"}],"replies":[{"embeddable":true,"href":"https:\/\/pacuidarte.com\/index.php\/wp-json\/wp\/v2\/comments?post=265"}],"wp:featuredmedia":[{"embeddable":true,"href":"https:\/\/pacuidarte.com\/index.php\/wp-json\/wp\/v2\/media\/956"}],"wp:attachment":[{"href":"https:\/\/pacuidarte.com\/index.php\/wp-json\/wp\/v2\/media?parent=265"}],"wp:term":[{"taxonomy":"product_cat","embeddable":true,"href":"https:\/\/pacuidarte.com\/index.php\/wp-json\/wp\/v2\/product_cat?post=265"},{"taxonomy":"product_tag","embeddable":true,"href":"https:\/\/pacuidarte.com\/index.php\/wp-json\/wp\/v2\/product_tag?post=265"}],"curies":[{"name":"wp","href":"https:\/\/api.w.org\/{rel}","templated":true}]}}