{"id":264,"date":"2023-09-18T23:43:14","date_gmt":"2023-09-18T23:43:14","guid":{"rendered":"https:\/\/pacuidarte.com\/index.php\/producto\/lima-ergonomica-mono\/"},"modified":"2023-11-26T19:48:18","modified_gmt":"2023-11-27T00:48:18","slug":"lima-ergonomica-mono","status":"publish","type":"product","link":"https:\/\/pacuidarte.com\/index.php\/producto\/lima-ergonomica-mono\/","title":{"rendered":"Lima ergon\u00f3mica"},"content":{"rendered":"<p>Nuestra lima ergon\u00f3mica lleg\u00f3 por tiempo limitado.<br \/>\n\u00a1Si eres de los que tienen dificultades a la hora de darle forma a tus u\u00f1as, esta lima es para ti!<br \/>\nLa superficie abrasiva est\u00e1 en el borde interno y s\u00f3lo con deslizarla sobre tu u\u00f1a, la moldear\u00e1<\/p>\n<p>Esta linda limita est\u00e1 elaborada en cristal y te puede durar toooda la vida.<br \/>\nEvitar\u00e1s comprar constantemente limas desechables. Tu bolsillo te lo va a agradecer.<br \/>\nAdem\u00e1s, contribuir\u00e1s al cuidado del medio ambiente evitando el uso de productos poco duraderas.<\/p>\n<p><span class=\"selectable-text copyable-text\">El color que se te enviar\u00e1 ser\u00e1 sorpresa, pero en todo caso es hermoso! Si tienes alguna preferencia d\u00e9janos una observaci\u00f3n y si tenemos el color disponible te lo enviaremos.<\/span><\/p>\n","protected":false},"excerpt":{"rendered":"<p>Nuestra lima ergon\u00f3mica lleg\u00f3 por tiempo limitado. \u00a1Si eres de los que tienen dificultades a la hora de darle forma a tus u\u00f1as, esta lima es para ti! La superficie abrasiva est\u00e1 en el borde interno y s\u00f3lo con deslizarla sobre tu u\u00f1a, la moldear\u00e1 Esta linda limita est\u00e1 elaborada en cristal y te puede [&hellip;]<\/p>\n","protected":false},"featured_media":783,"comment_status":"open","ping_status":"closed","template":"","meta":{"_joinchat":[]},"product_cat":[30],"product_tag":[],"jetpack_sharing_enabled":true,"_links":{"self":[{"href":"https:\/\/pacuidarte.com\/index.php\/wp-json\/wp\/v2\/product\/264"}],"collection":[{"href":"https:\/\/pacuidarte.com\/index.php\/wp-json\/wp\/v2\/product"}],"about":[{"href":"https:\/\/pacuidarte.com\/index.php\/wp-json\/wp\/v2\/types\/product"}],"replies":[{"embeddable":true,"href":"https:\/\/pacuidarte.com\/index.php\/wp-json\/wp\/v2\/comments?post=264"}],"wp:featuredmedia":[{"embeddable":true,"href":"https:\/\/pacuidarte.com\/index.php\/wp-json\/wp\/v2\/media\/783"}],"wp:attachment":[{"href":"https:\/\/pacuidarte.com\/index.php\/wp-json\/wp\/v2\/media?parent=264"}],"wp:term":[{"taxonomy":"product_cat","embeddable":true,"href":"https:\/\/pacuidarte.com\/index.php\/wp-json\/wp\/v2\/product_cat?post=264"},{"taxonomy":"product_tag","embeddable":true,"href":"https:\/\/pacuidarte.com\/index.php\/wp-json\/wp\/v2\/product_tag?post=264"}],"curies":[{"name":"wp","href":"https:\/\/api.w.org\/{rel}","templated":true}]}}