{"id":262,"date":"2023-09-18T23:43:12","date_gmt":"2023-09-18T23:43:12","guid":{"rendered":"https:\/\/pacuidarte.com\/index.php\/producto\/raspador-de-pies\/"},"modified":"2024-09-12T18:06:03","modified_gmt":"2024-09-12T23:06:03","slug":"raspador-de-pies","status":"publish","type":"product","link":"https:\/\/pacuidarte.com\/index.php\/producto\/raspador-de-pies\/","title":{"rendered":"Raspador de pies"},"content":{"rendered":"<ul>\n<li>Ideal para uso profesional y diario.<\/li>\n<li>Duo &#8211; Doble rugosidad.<\/li>\n<li>Mayor resistencia debido a su grosor.<\/li>\n<li>No corta la piel.<\/li>\n<li>El cristal es inerte: No hay absorci\u00f3n de humedad ni riesgo de hongo o moho.<\/li>\n<li>Ideal en tratamientos para suavizar endurecimientos en la piel.<\/li>\n<\/ul>\n<p><strong>Medidas:<\/strong> Alto 16.5cm, ancho 3 cm<\/p>\n<p><span class=\"selectable-text copyable-text\">El color que se te enviar\u00e1 ser\u00e1 sorpresa, pero en todo caso es hermoso! Si tienes alguna preferencia d\u00e9janos una observaci\u00f3n y si tenemos el color disponible te lo enviaremos.<\/span><\/p>\n","protected":false},"excerpt":{"rendered":"<p>Ideal para uso profesional y diario. Duo &#8211; Doble rugosidad. Mayor resistencia debido a su grosor. No corta la piel. El cristal es inerte: No hay absorci\u00f3n de humedad ni riesgo de hongo o moho. Ideal en tratamientos para suavizar endurecimientos en la piel. Medidas: Alto 16.5cm, ancho 3 cm El color que se te [&hellip;]<\/p>\n","protected":false},"featured_media":813,"comment_status":"open","ping_status":"closed","template":"","meta":{"_joinchat":[]},"product_cat":[30],"product_tag":[],"jetpack_sharing_enabled":true,"_links":{"self":[{"href":"https:\/\/pacuidarte.com\/index.php\/wp-json\/wp\/v2\/product\/262"}],"collection":[{"href":"https:\/\/pacuidarte.com\/index.php\/wp-json\/wp\/v2\/product"}],"about":[{"href":"https:\/\/pacuidarte.com\/index.php\/wp-json\/wp\/v2\/types\/product"}],"replies":[{"embeddable":true,"href":"https:\/\/pacuidarte.com\/index.php\/wp-json\/wp\/v2\/comments?post=262"}],"wp:featuredmedia":[{"embeddable":true,"href":"https:\/\/pacuidarte.com\/index.php\/wp-json\/wp\/v2\/media\/813"}],"wp:attachment":[{"href":"https:\/\/pacuidarte.com\/index.php\/wp-json\/wp\/v2\/media?parent=262"}],"wp:term":[{"taxonomy":"product_cat","embeddable":true,"href":"https:\/\/pacuidarte.com\/index.php\/wp-json\/wp\/v2\/product_cat?post=262"},{"taxonomy":"product_tag","embeddable":true,"href":"https:\/\/pacuidarte.com\/index.php\/wp-json\/wp\/v2\/product_tag?post=262"}],"curies":[{"name":"wp","href":"https:\/\/api.w.org\/{rel}","templated":true}]}}