{"id":2619,"date":"2025-06-15T17:25:22","date_gmt":"2025-06-15T22:25:22","guid":{"rendered":"https:\/\/pacuidarte.com\/?post_type=product&#038;p=2619"},"modified":"2025-08-09T19:11:29","modified_gmt":"2025-08-10T00:11:29","slug":"splash-corporal-con-aroma-y-brillo","status":"publish","type":"product","link":"https:\/\/pacuidarte.com\/index.php\/producto\/splash-corporal-con-aroma-y-brillo\/","title":{"rendered":"Splash corporal con aroma y brillo"},"content":{"rendered":"<p>Est\u00e1 disponible con y sin brillos dorados.<\/p>\n<p>Humecta y refresca tu piel, adem\u00e1s, cuenta con protecci\u00f3n UV (no reemplaza el uso de protector solar).<\/p>\n<p>Sus aromas frutales son de larga duraci\u00f3n y en conjunto con nuestra crema corporal puedes potenciarlo.<\/p>\n<p>Sus aromas se derivan de una variedad de frutas, brindando aromas frescos, c\u00edtricos o dulces.<\/p>\n<p>La estela de su aroma dejan tu huella al pasar y en la memoria de quienes te rodean.<\/p>\n<p>La presentaci\u00f3n de 30 ml es ideal para acompa\u00f1arte en tu cartera o llevarla a tus viajes. La presentaci\u00f3n personal de 150 ml cuenta con tapa de seguridad para evitar que se derrame si decides llevarla siempre contigo.<\/p>\n<p>Se recomienda almacenarlo en un lugar seco y fresco, alejado del calor y luz directa del sol.<\/p>\n","protected":false},"excerpt":{"rendered":"<p>Est\u00e1 disponible con y sin brillos dorados. Humecta y refresca tu piel, adem\u00e1s, cuenta con protecci\u00f3n UV (no reemplaza el uso de protector solar). Sus aromas frutales son de larga duraci\u00f3n y en conjunto con nuestra crema corporal puedes potenciarlo. Sus aromas se derivan de una variedad de frutas, brindando aromas frescos, c\u00edtricos o dulces. [&hellip;]<\/p>\n","protected":false},"featured_media":2666,"comment_status":"open","ping_status":"closed","template":"","meta":{"_joinchat":[]},"product_cat":[20,27,24],"product_tag":[],"jetpack_sharing_enabled":true,"_links":{"self":[{"href":"https:\/\/pacuidarte.com\/index.php\/wp-json\/wp\/v2\/product\/2619"}],"collection":[{"href":"https:\/\/pacuidarte.com\/index.php\/wp-json\/wp\/v2\/product"}],"about":[{"href":"https:\/\/pacuidarte.com\/index.php\/wp-json\/wp\/v2\/types\/product"}],"replies":[{"embeddable":true,"href":"https:\/\/pacuidarte.com\/index.php\/wp-json\/wp\/v2\/comments?post=2619"}],"wp:featuredmedia":[{"embeddable":true,"href":"https:\/\/pacuidarte.com\/index.php\/wp-json\/wp\/v2\/media\/2666"}],"wp:attachment":[{"href":"https:\/\/pacuidarte.com\/index.php\/wp-json\/wp\/v2\/media?parent=2619"}],"wp:term":[{"taxonomy":"product_cat","embeddable":true,"href":"https:\/\/pacuidarte.com\/index.php\/wp-json\/wp\/v2\/product_cat?post=2619"},{"taxonomy":"product_tag","embeddable":true,"href":"https:\/\/pacuidarte.com\/index.php\/wp-json\/wp\/v2\/product_tag?post=2619"}],"curies":[{"name":"wp","href":"https:\/\/api.w.org\/{rel}","templated":true}]}}