{"id":2614,"date":"2025-06-15T16:24:16","date_gmt":"2025-06-15T21:24:16","guid":{"rendered":"https:\/\/pacuidarte.com\/?post_type=product&#038;p=2614"},"modified":"2025-11-22T18:20:02","modified_gmt":"2025-11-22T23:20:02","slug":"perfume-capilar-con-notas-de-nectar-de-melocoton","status":"publish","type":"product","link":"https:\/\/pacuidarte.com\/index.php\/producto\/perfume-capilar-con-notas-de-nectar-de-melocoton\/","title":{"rendered":"Perfume capilar con notas de n\u00e9ctar de melocot\u00f3n"},"content":{"rendered":"<p>Acondiciona y nutre el cabello gracias a ingredientes como prote\u00edna de arroz, soya, aloe vera y vitamina E.<br \/>\nAdem\u00e1s, gracias a su fragancia de larga duraci\u00f3n, tu cabello tendr\u00e1 una aroma frutal a n\u00e9ctar de melocot\u00f3n.<\/p>\n<p>Te recomendamos almacenarlo en un lugar seco y fresco, alejado de la luz y calor directo del sol.<\/p>\n<p><strong>Contenido:<\/strong> 100 ml<\/p>\n","protected":false},"excerpt":{"rendered":"<p>Acondiciona y nutre el cabello gracias a ingredientes como prote\u00edna de arroz, soya, aloe vera y vitamina E. Adem\u00e1s, gracias a su fragancia de larga duraci\u00f3n, tu cabello tendr\u00e1 una aroma frutal a n\u00e9ctar de melocot\u00f3n. Te recomendamos almacenarlo en un lugar seco y fresco, alejado de la luz y calor directo del sol. Contenido: [&hellip;]<\/p>\n","protected":false},"featured_media":2668,"comment_status":"open","ping_status":"closed","template":"","meta":{"_joinchat":[]},"product_cat":[16,17,24],"product_tag":[],"jetpack_sharing_enabled":true,"_links":{"self":[{"href":"https:\/\/pacuidarte.com\/index.php\/wp-json\/wp\/v2\/product\/2614"}],"collection":[{"href":"https:\/\/pacuidarte.com\/index.php\/wp-json\/wp\/v2\/product"}],"about":[{"href":"https:\/\/pacuidarte.com\/index.php\/wp-json\/wp\/v2\/types\/product"}],"replies":[{"embeddable":true,"href":"https:\/\/pacuidarte.com\/index.php\/wp-json\/wp\/v2\/comments?post=2614"}],"wp:featuredmedia":[{"embeddable":true,"href":"https:\/\/pacuidarte.com\/index.php\/wp-json\/wp\/v2\/media\/2668"}],"wp:attachment":[{"href":"https:\/\/pacuidarte.com\/index.php\/wp-json\/wp\/v2\/media?parent=2614"}],"wp:term":[{"taxonomy":"product_cat","embeddable":true,"href":"https:\/\/pacuidarte.com\/index.php\/wp-json\/wp\/v2\/product_cat?post=2614"},{"taxonomy":"product_tag","embeddable":true,"href":"https:\/\/pacuidarte.com\/index.php\/wp-json\/wp\/v2\/product_tag?post=2614"}],"curies":[{"name":"wp","href":"https:\/\/api.w.org\/{rel}","templated":true}]}}