{"id":261,"date":"2023-09-18T23:43:12","date_gmt":"2023-09-18T23:43:12","guid":{"rendered":"https:\/\/pacuidarte.com\/index.php\/producto\/brillo\/"},"modified":"2024-03-16T17:29:15","modified_gmt":"2024-03-16T22:29:15","slug":"brillo","status":"publish","type":"product","link":"https:\/\/pacuidarte.com\/index.php\/producto\/brillo\/","title":{"rendered":"Brillo esmalte"},"content":{"rendered":"<p>Libre de 10 componentes t\u00f3xicos: Parabenos, Triclosan, Xileno, Formaldehido, Tolueno, Resina de Formaldehido, Alcanfor, Dibutiftalato, ingredientes de origen animal y fragancia.<br \/>\nProducto colombiano con tapa de madera reciclada de manera artesanal y envase de vidrio.<br \/>\nSu f\u00f3rmula ayuda al fortalecimiento de las u\u00f1as y es ideal para personas al\u00e9rgicas a los esmaltes tradicionales y son recomendados para mujeres embarazadas, ni\u00f1as y personas con tratamientos oncol\u00f3gicos.<\/p>\n","protected":false},"excerpt":{"rendered":"<p>Libre de 10 componentes t\u00f3xicos: Parabenos, Triclosan, Xileno, Formaldehido, Tolueno, Resina de Formaldehido, Alcanfor, Dibutiftalato, ingredientes de origen animal y fragancia. Producto colombiano con tapa de madera reciclada de manera artesanal y envase de vidrio. Su f\u00f3rmula ayuda al fortalecimiento de las u\u00f1as y es ideal para personas al\u00e9rgicas a los esmaltes tradicionales y son [&hellip;]<\/p>\n","protected":false},"featured_media":567,"comment_status":"open","ping_status":"closed","template":"","meta":{"_joinchat":[]},"product_cat":[30],"product_tag":[87,89,88,49,50],"jetpack_sharing_enabled":true,"_links":{"self":[{"href":"https:\/\/pacuidarte.com\/index.php\/wp-json\/wp\/v2\/product\/261"}],"collection":[{"href":"https:\/\/pacuidarte.com\/index.php\/wp-json\/wp\/v2\/product"}],"about":[{"href":"https:\/\/pacuidarte.com\/index.php\/wp-json\/wp\/v2\/types\/product"}],"replies":[{"embeddable":true,"href":"https:\/\/pacuidarte.com\/index.php\/wp-json\/wp\/v2\/comments?post=261"}],"wp:featuredmedia":[{"embeddable":true,"href":"https:\/\/pacuidarte.com\/index.php\/wp-json\/wp\/v2\/media\/567"}],"wp:attachment":[{"href":"https:\/\/pacuidarte.com\/index.php\/wp-json\/wp\/v2\/media?parent=261"}],"wp:term":[{"taxonomy":"product_cat","embeddable":true,"href":"https:\/\/pacuidarte.com\/index.php\/wp-json\/wp\/v2\/product_cat?post=261"},{"taxonomy":"product_tag","embeddable":true,"href":"https:\/\/pacuidarte.com\/index.php\/wp-json\/wp\/v2\/product_tag?post=261"}],"curies":[{"name":"wp","href":"https:\/\/api.w.org\/{rel}","templated":true}]}}