{"id":259,"date":"2023-09-18T23:43:12","date_gmt":"2023-09-18T23:43:12","guid":{"rendered":"https:\/\/pacuidarte.com\/index.php\/producto\/repelente-natural\/"},"modified":"2025-03-30T16:00:16","modified_gmt":"2025-03-30T21:00:16","slug":"repelente-natural","status":"publish","type":"product","link":"https:\/\/pacuidarte.com\/index.php\/producto\/repelente-natural\/","title":{"rendered":"Repelente natural de insectos"},"content":{"rendered":"<p>Nada como el refrescante olor de las plantas arom\u00e1ticas para ahuyentar a los insectos.<br \/>\nEsta sinergia te ayudar\u00e1 a porteger tu piel y la de toda tu familia de las molestas picaduras, sin necesidad de aplicar ning\u00fan qu\u00edmico nocivo para tu salud y la del medio ambiente.<\/p>\n<p><strong>Formulado con ingredientes naturales y 100% biodegradables<\/strong><\/p>\n<p><strong>Ingredientes<\/strong>: Alcohol, agua destilada, glicerina vegetal y aceites esenciales puros y org\u00e1nicos de citronela, limoncillo y eucalipto.<\/p>\n<p><strong>Contiene:<\/strong> 120 ml<\/p>\n","protected":false},"excerpt":{"rendered":"<p>Nada como el refrescante olor de las plantas arom\u00e1ticas para ahuyentar a los insectos. Esta sinergia te ayudar\u00e1 a porteger tu piel y la de toda tu familia de las molestas picaduras, sin necesidad de aplicar ning\u00fan qu\u00edmico nocivo para tu salud y la del medio ambiente. Formulado con ingredientes naturales y 100% biodegradables Ingredientes: [&hellip;]<\/p>\n","protected":false},"featured_media":569,"comment_status":"open","ping_status":"closed","template":"","meta":{"_joinchat":[]},"product_cat":[20,24],"product_tag":[],"jetpack_sharing_enabled":true,"_links":{"self":[{"href":"https:\/\/pacuidarte.com\/index.php\/wp-json\/wp\/v2\/product\/259"}],"collection":[{"href":"https:\/\/pacuidarte.com\/index.php\/wp-json\/wp\/v2\/product"}],"about":[{"href":"https:\/\/pacuidarte.com\/index.php\/wp-json\/wp\/v2\/types\/product"}],"replies":[{"embeddable":true,"href":"https:\/\/pacuidarte.com\/index.php\/wp-json\/wp\/v2\/comments?post=259"}],"wp:featuredmedia":[{"embeddable":true,"href":"https:\/\/pacuidarte.com\/index.php\/wp-json\/wp\/v2\/media\/569"}],"wp:attachment":[{"href":"https:\/\/pacuidarte.com\/index.php\/wp-json\/wp\/v2\/media?parent=259"}],"wp:term":[{"taxonomy":"product_cat","embeddable":true,"href":"https:\/\/pacuidarte.com\/index.php\/wp-json\/wp\/v2\/product_cat?post=259"},{"taxonomy":"product_tag","embeddable":true,"href":"https:\/\/pacuidarte.com\/index.php\/wp-json\/wp\/v2\/product_tag?post=259"}],"curies":[{"name":"wp","href":"https:\/\/api.w.org\/{rel}","templated":true}]}}