{"id":258,"date":"2023-09-18T23:43:12","date_gmt":"2023-09-18T23:43:12","guid":{"rendered":"https:\/\/pacuidarte.com\/index.php\/producto\/crema-dental-natural-recargable\/"},"modified":"2025-06-15T17:57:36","modified_gmt":"2025-06-15T22:57:36","slug":"crema-dental-natural-recargable","status":"publish","type":"product","link":"https:\/\/pacuidarte.com\/index.php\/producto\/crema-dental-natural-recargable\/","title":{"rendered":"Crema dental natural y libre de fl\u00faor"},"content":{"rendered":"<p>Elaborada a base de cardamomo, \u00e1rbol de t\u00e9 y menta.<\/p>\n<p>Tiene propiedades antibacteriales, deja un aliento fresco y, adem\u00e1s ayuda con la sensibilidad y cuida las enc\u00edas.<\/p>\n<p><strong>Contiene:<\/strong> 180 g<\/p>\n<p>\u00a1Cuida de ti mientras cuidas del planeta!<\/p>\n","protected":false},"excerpt":{"rendered":"<p>Elaborada a base de cardamomo, \u00e1rbol de t\u00e9 y menta. Tiene propiedades antibacteriales, deja un aliento fresco y, adem\u00e1s ayuda con la sensibilidad y cuida las enc\u00edas. Contiene: 180 g \u00a1Cuida de ti mientras cuidas del planeta!<\/p>\n","protected":false},"featured_media":575,"comment_status":"open","ping_status":"closed","template":"","meta":{"_joinchat":[]},"product_cat":[21],"product_tag":[134,137,135,110,136,99,133,132],"jetpack_sharing_enabled":true,"_links":{"self":[{"href":"https:\/\/pacuidarte.com\/index.php\/wp-json\/wp\/v2\/product\/258"}],"collection":[{"href":"https:\/\/pacuidarte.com\/index.php\/wp-json\/wp\/v2\/product"}],"about":[{"href":"https:\/\/pacuidarte.com\/index.php\/wp-json\/wp\/v2\/types\/product"}],"replies":[{"embeddable":true,"href":"https:\/\/pacuidarte.com\/index.php\/wp-json\/wp\/v2\/comments?post=258"}],"wp:featuredmedia":[{"embeddable":true,"href":"https:\/\/pacuidarte.com\/index.php\/wp-json\/wp\/v2\/media\/575"}],"wp:attachment":[{"href":"https:\/\/pacuidarte.com\/index.php\/wp-json\/wp\/v2\/media?parent=258"}],"wp:term":[{"taxonomy":"product_cat","embeddable":true,"href":"https:\/\/pacuidarte.com\/index.php\/wp-json\/wp\/v2\/product_cat?post=258"},{"taxonomy":"product_tag","embeddable":true,"href":"https:\/\/pacuidarte.com\/index.php\/wp-json\/wp\/v2\/product_tag?post=258"}],"curies":[{"name":"wp","href":"https:\/\/api.w.org\/{rel}","templated":true}]}}