{"id":2578,"date":"2025-05-25T18:24:37","date_gmt":"2025-05-25T23:24:37","guid":{"rendered":"https:\/\/pacuidarte.com\/?post_type=product&#038;p=2578"},"modified":"2025-11-22T18:45:01","modified_gmt":"2025-11-22T23:45:01","slug":"crema-corporal-con-aroma-y-brillo","status":"publish","type":"product","link":"https:\/\/pacuidarte.com\/index.php\/producto\/crema-corporal-con-aroma-y-brillo\/","title":{"rendered":"Crema corporal con aroma y brillo"},"content":{"rendered":"<p>Brinda a tu piel suavidad y humectaci\u00f3n gracias a sus ingredientes naturales y emolientes:<\/p>\n<ul>\n<li>Karit\u00e9<\/li>\n<li>Vitamina E<\/li>\n<li>Aloe vera<\/li>\n<li>Manzanilla<\/li>\n<\/ul>\n<p>Sus aromas frutales y de larga duraci\u00f3n se derivan de una variedad de frutas tropicales. Adem\u00e1s, su efecto resplandeciente de brillos dorados le dan a tu\u00a0 piel una apariencia elegante y sensual.<\/p>\n<p>La presentaci\u00f3n de 30 ml es ideal para acompa\u00f1arte en tu cartera o llevarla a tus viajes. La presentaci\u00f3n personal de 150 ml cuenta con tapa de seguridad para evitar que se derrame si decides llevarla siempre contigo.<\/p>\n","protected":false},"excerpt":{"rendered":"<p>Brinda a tu piel suavidad y humectaci\u00f3n gracias a sus ingredientes naturales y emolientes: Karit\u00e9 Vitamina E Aloe vera Manzanilla Sus aromas frutales y de larga duraci\u00f3n se derivan de una variedad de frutas tropicales. Adem\u00e1s, su efecto resplandeciente de brillos dorados le dan a tu\u00a0 piel una apariencia elegante y sensual. La presentaci\u00f3n de [&hellip;]<\/p>\n","protected":false},"featured_media":2669,"comment_status":"open","ping_status":"closed","template":"","meta":{"_joinchat":[]},"product_cat":[20,27,24],"product_tag":[],"jetpack_sharing_enabled":true,"_links":{"self":[{"href":"https:\/\/pacuidarte.com\/index.php\/wp-json\/wp\/v2\/product\/2578"}],"collection":[{"href":"https:\/\/pacuidarte.com\/index.php\/wp-json\/wp\/v2\/product"}],"about":[{"href":"https:\/\/pacuidarte.com\/index.php\/wp-json\/wp\/v2\/types\/product"}],"replies":[{"embeddable":true,"href":"https:\/\/pacuidarte.com\/index.php\/wp-json\/wp\/v2\/comments?post=2578"}],"wp:featuredmedia":[{"embeddable":true,"href":"https:\/\/pacuidarte.com\/index.php\/wp-json\/wp\/v2\/media\/2669"}],"wp:attachment":[{"href":"https:\/\/pacuidarte.com\/index.php\/wp-json\/wp\/v2\/media?parent=2578"}],"wp:term":[{"taxonomy":"product_cat","embeddable":true,"href":"https:\/\/pacuidarte.com\/index.php\/wp-json\/wp\/v2\/product_cat?post=2578"},{"taxonomy":"product_tag","embeddable":true,"href":"https:\/\/pacuidarte.com\/index.php\/wp-json\/wp\/v2\/product_tag?post=2578"}],"curies":[{"name":"wp","href":"https:\/\/api.w.org\/{rel}","templated":true}]}}