{"id":257,"date":"2023-09-18T23:43:12","date_gmt":"2023-09-18T23:43:12","guid":{"rendered":"https:\/\/pacuidarte.com\/index.php\/producto\/cubiertos-metalicos-plegables\/"},"modified":"2024-10-23T17:03:01","modified_gmt":"2024-10-23T22:03:01","slug":"cubiertos-metalicos-plegables","status":"publish","type":"product","link":"https:\/\/pacuidarte.com\/index.php\/producto\/cubiertos-metalicos-plegables\/","title":{"rendered":"Cubiertos met\u00e1licos plegables"},"content":{"rendered":"<p>Pr\u00e1cticos y f\u00e1ciles de usar para que te acompa\u00f1en a todos lados y le digas que <strong>NO a los cubiertos desechables<\/strong>.<\/p>\n<p><strong>Incluye:<\/strong> Tenedor, cuchara, cuchillo y estuche de tela<\/p>\n<ul>\n<li>F\u00e1ciles de lavar<\/li>\n<li>El cuchillo tiene un buen filo, podr\u00e1s cortar cualquier alimento.<\/li>\n<\/ul>\n<p>\u00a1Aportar tu granito de arena nunca hab\u00eda sido tan f\u00e1cil!<\/p>\n","protected":false},"excerpt":{"rendered":"<p>Pr\u00e1cticos y f\u00e1ciles de usar para que te acompa\u00f1en a todos lados y le digas que NO a los cubiertos desechables. Incluye: Tenedor, cuchara, cuchillo y estuche de tela F\u00e1ciles de lavar El cuchillo tiene un buen filo, podr\u00e1s cortar cualquier alimento. \u00a1Aportar tu granito de arena nunca hab\u00eda sido tan f\u00e1cil!<\/p>\n","protected":false},"featured_media":578,"comment_status":"open","ping_status":"closed","template":"","meta":{"_joinchat":[]},"product_cat":[17,24],"product_tag":[91,147,149,148,152,153,150,151],"jetpack_sharing_enabled":true,"_links":{"self":[{"href":"https:\/\/pacuidarte.com\/index.php\/wp-json\/wp\/v2\/product\/257"}],"collection":[{"href":"https:\/\/pacuidarte.com\/index.php\/wp-json\/wp\/v2\/product"}],"about":[{"href":"https:\/\/pacuidarte.com\/index.php\/wp-json\/wp\/v2\/types\/product"}],"replies":[{"embeddable":true,"href":"https:\/\/pacuidarte.com\/index.php\/wp-json\/wp\/v2\/comments?post=257"}],"wp:featuredmedia":[{"embeddable":true,"href":"https:\/\/pacuidarte.com\/index.php\/wp-json\/wp\/v2\/media\/578"}],"wp:attachment":[{"href":"https:\/\/pacuidarte.com\/index.php\/wp-json\/wp\/v2\/media?parent=257"}],"wp:term":[{"taxonomy":"product_cat","embeddable":true,"href":"https:\/\/pacuidarte.com\/index.php\/wp-json\/wp\/v2\/product_cat?post=257"},{"taxonomy":"product_tag","embeddable":true,"href":"https:\/\/pacuidarte.com\/index.php\/wp-json\/wp\/v2\/product_tag?post=257"}],"curies":[{"name":"wp","href":"https:\/\/api.w.org\/{rel}","templated":true}]}}