{"id":256,"date":"2023-09-18T23:43:12","date_gmt":"2023-09-18T23:43:12","guid":{"rendered":"https:\/\/pacuidarte.com\/index.php\/producto\/copitos-de-bambu-x-200-unidades\/"},"modified":"2025-02-02T18:47:19","modified_gmt":"2025-02-02T23:47:19","slug":"copitos-de-bambu-x-200-unidades","status":"publish","type":"product","link":"https:\/\/pacuidarte.com\/index.php\/producto\/copitos-de-bambu-x-200-unidades\/","title":{"rendered":"Copitos de bamb\u00fa y algod\u00f3n x 200 unidades"},"content":{"rendered":"<p>Una buena alternativa para los productos de higiene personal, como lo son los copitos convencionales hechos de pl\u00e1stico que generalmente termina en nuestros oc\u00e9anos.<br \/>\nEstos copitos al ser de bamb\u00fa y algod\u00f3n son 100% biodegradables, por lo que una vez finalicen su vida \u00fatil podr\u00e1s depositarlos en los residuos org\u00e1nicos.<\/p>\n<p><strong>Contenido:<\/strong>\u00a0200 unidades<\/p>\n","protected":false},"excerpt":{"rendered":"<p>Una buena alternativa para los productos de higiene personal, como lo son los copitos convencionales hechos de pl\u00e1stico que generalmente termina en nuestros oc\u00e9anos. Estos copitos al ser de bamb\u00fa y algod\u00f3n son 100% biodegradables, por lo que una vez finalicen su vida \u00fatil podr\u00e1s depositarlos en los residuos org\u00e1nicos. Contenido:\u00a0200 unidades<\/p>\n","protected":false},"featured_media":580,"comment_status":"open","ping_status":"closed","template":"","meta":{"_joinchat":[]},"product_cat":[17],"product_tag":[102,111,109,112,114,113,115,117,116],"jetpack_sharing_enabled":true,"_links":{"self":[{"href":"https:\/\/pacuidarte.com\/index.php\/wp-json\/wp\/v2\/product\/256"}],"collection":[{"href":"https:\/\/pacuidarte.com\/index.php\/wp-json\/wp\/v2\/product"}],"about":[{"href":"https:\/\/pacuidarte.com\/index.php\/wp-json\/wp\/v2\/types\/product"}],"replies":[{"embeddable":true,"href":"https:\/\/pacuidarte.com\/index.php\/wp-json\/wp\/v2\/comments?post=256"}],"wp:featuredmedia":[{"embeddable":true,"href":"https:\/\/pacuidarte.com\/index.php\/wp-json\/wp\/v2\/media\/580"}],"wp:attachment":[{"href":"https:\/\/pacuidarte.com\/index.php\/wp-json\/wp\/v2\/media?parent=256"}],"wp:term":[{"taxonomy":"product_cat","embeddable":true,"href":"https:\/\/pacuidarte.com\/index.php\/wp-json\/wp\/v2\/product_cat?post=256"},{"taxonomy":"product_tag","embeddable":true,"href":"https:\/\/pacuidarte.com\/index.php\/wp-json\/wp\/v2\/product_tag?post=256"}],"curies":[{"name":"wp","href":"https:\/\/api.w.org\/{rel}","templated":true}]}}