{"id":254,"date":"2023-09-18T23:43:12","date_gmt":"2023-09-18T23:43:12","guid":{"rendered":"https:\/\/pacuidarte.com\/index.php\/producto\/protector-solar-45-piel-grasa\/"},"modified":"2025-04-04T10:56:43","modified_gmt":"2025-04-04T15:56:43","slug":"protector-solar-45-piel-grasa","status":"publish","type":"product","link":"https:\/\/pacuidarte.com\/index.php\/producto\/protector-solar-45-piel-grasa\/","title":{"rendered":"Protector solar piel grasa"},"content":{"rendered":"<p>Su uso en el d\u00eda a d\u00eda ser\u00e1 perfecto para protegernos de la fuerte radiaci\u00f3n solar.<\/p>\n<p>Este maravilloso protector solar fue creado para uso en ciudad y es ideal para piel <strong>grasa o mixta.<\/strong><\/p>\n<p>De utilizarse en playa, piscina, campo o rio, repetir la aplicaci\u00f3n cada 2-3 horas de exposici\u00f3n solar.<\/p>\n<p><strong>Ingredientes: <\/strong>Aqua, Mangifera indica, Oryza Sativa Bran Oil, Butyrospermum Parkii Butter, Coco nucifera oil, Citrullus Lanatus Seed Oil, Rubus Idaeus, zinc oxide, Cetearyl alcohol, sodium cetearyl sulfate, Benzoic Acid, Sorbic Acid, Dehydroacetic Acid, Benzyl alcohol, Xanthan Gum, Tocopherol, fragance Oil, Dehydroacetic Acid, Benzyl Alcohol.<\/p>\n<p><strong>Contenido:<\/strong> 40 ml<\/p>\n","protected":false},"excerpt":{"rendered":"<p>Su uso en el d\u00eda a d\u00eda ser\u00e1 perfecto para protegernos de la fuerte radiaci\u00f3n solar. Este maravilloso protector solar fue creado para uso en ciudad y es ideal para piel grasa o mixta. De utilizarse en playa, piscina, campo o rio, repetir la aplicaci\u00f3n cada 2-3 horas de exposici\u00f3n solar. Ingredientes: Aqua, Mangifera indica, [&hellip;]<\/p>\n","protected":false},"featured_media":586,"comment_status":"open","ping_status":"closed","template":"","meta":{"_joinchat":[]},"product_cat":[18,24],"product_tag":[],"jetpack_sharing_enabled":true,"_links":{"self":[{"href":"https:\/\/pacuidarte.com\/index.php\/wp-json\/wp\/v2\/product\/254"}],"collection":[{"href":"https:\/\/pacuidarte.com\/index.php\/wp-json\/wp\/v2\/product"}],"about":[{"href":"https:\/\/pacuidarte.com\/index.php\/wp-json\/wp\/v2\/types\/product"}],"replies":[{"embeddable":true,"href":"https:\/\/pacuidarte.com\/index.php\/wp-json\/wp\/v2\/comments?post=254"}],"wp:featuredmedia":[{"embeddable":true,"href":"https:\/\/pacuidarte.com\/index.php\/wp-json\/wp\/v2\/media\/586"}],"wp:attachment":[{"href":"https:\/\/pacuidarte.com\/index.php\/wp-json\/wp\/v2\/media?parent=254"}],"wp:term":[{"taxonomy":"product_cat","embeddable":true,"href":"https:\/\/pacuidarte.com\/index.php\/wp-json\/wp\/v2\/product_cat?post=254"},{"taxonomy":"product_tag","embeddable":true,"href":"https:\/\/pacuidarte.com\/index.php\/wp-json\/wp\/v2\/product_tag?post=254"}],"curies":[{"name":"wp","href":"https:\/\/api.w.org\/{rel}","templated":true}]}}