{"id":253,"date":"2023-09-18T23:43:12","date_gmt":"2023-09-18T23:43:12","guid":{"rendered":"https:\/\/pacuidarte.com\/index.php\/producto\/jabon-de-arroz\/"},"modified":"2025-03-30T18:51:19","modified_gmt":"2025-03-30T23:51:19","slug":"jabon-de-arroz","status":"publish","type":"product","link":"https:\/\/pacuidarte.com\/index.php\/producto\/jabon-de-arroz\/","title":{"rendered":"Jab\u00f3n de arroz"},"content":{"rendered":"<p>Siempre es bueno tener un arrocito a mano!<\/p>\n<p>Este Jab\u00f3n de Arroz es 100% natural, hecho a mano y contiene polvo de arroz como ingrediente principal.<\/p>\n<p>El polvo de arroz tiene propiedades antioxidantes, ayuda a iluminar e igualar la tez, a difuminar las arrugas, reducir el aspecto de los poros dilatados y ayuda a eliminar manchas.<\/p>\n<p><strong>Este jab\u00f3n es perfecto para para pieles sensibles, irritadas, con acn\u00e9 o granos e incluso para la piel del beb\u00e9.<\/strong><\/p>\n<p>El arroz es uno de los ingredientes m\u00e1s usados en la historia del cuidado de la piel.<\/p>\n<p><strong>MODO DE USO:\u00a0<\/strong>Humedece el rostro,\u00a0 frota el jab\u00f3n con las manos hasta obtener un poco de espuma y aplica utilizando las yemas de los dedos.<\/p>\n<p><strong>Contenido:\u00a0<\/strong>55 g<\/p>\n","protected":false},"excerpt":{"rendered":"<p>Siempre es bueno tener un arrocito a mano! Este Jab\u00f3n de Arroz es 100% natural, hecho a mano y contiene polvo de arroz como ingrediente principal. El polvo de arroz tiene propiedades antioxidantes, ayuda a iluminar e igualar la tez, a difuminar las arrugas, reducir el aspecto de los poros dilatados y ayuda a eliminar [&hellip;]<\/p>\n","protected":false},"featured_media":817,"comment_status":"open","ping_status":"closed","template":"","meta":{"_joinchat":[]},"product_cat":[18,32],"product_tag":[],"jetpack_sharing_enabled":true,"_links":{"self":[{"href":"https:\/\/pacuidarte.com\/index.php\/wp-json\/wp\/v2\/product\/253"}],"collection":[{"href":"https:\/\/pacuidarte.com\/index.php\/wp-json\/wp\/v2\/product"}],"about":[{"href":"https:\/\/pacuidarte.com\/index.php\/wp-json\/wp\/v2\/types\/product"}],"replies":[{"embeddable":true,"href":"https:\/\/pacuidarte.com\/index.php\/wp-json\/wp\/v2\/comments?post=253"}],"wp:featuredmedia":[{"embeddable":true,"href":"https:\/\/pacuidarte.com\/index.php\/wp-json\/wp\/v2\/media\/817"}],"wp:attachment":[{"href":"https:\/\/pacuidarte.com\/index.php\/wp-json\/wp\/v2\/media?parent=253"}],"wp:term":[{"taxonomy":"product_cat","embeddable":true,"href":"https:\/\/pacuidarte.com\/index.php\/wp-json\/wp\/v2\/product_cat?post=253"},{"taxonomy":"product_tag","embeddable":true,"href":"https:\/\/pacuidarte.com\/index.php\/wp-json\/wp\/v2\/product_tag?post=253"}],"curies":[{"name":"wp","href":"https:\/\/api.w.org\/{rel}","templated":true}]}}