{"id":252,"date":"2023-09-18T23:43:12","date_gmt":"2023-09-18T23:43:12","guid":{"rendered":"https:\/\/pacuidarte.com\/index.php\/producto\/jabon-de-castilla\/"},"modified":"2025-11-22T17:56:08","modified_gmt":"2025-11-22T22:56:08","slug":"jabon-de-castilla","status":"publish","type":"product","link":"https:\/\/pacuidarte.com\/index.php\/producto\/jabon-de-castilla\/","title":{"rendered":"Jab\u00f3n de castilla"},"content":{"rendered":"<p>Te traemos ingredientes 100% naturales para que tu piel se mantenga hermosa.<\/p>\n<p>Este jab\u00f3n de castilla es 100% natural y a base de aceite de oliva para una mayor humectaci\u00f3n. Recomendado para que lo uses en el <strong>rostro<\/strong> y <strong>cuerpo<\/strong>, es perfecto para <strong>pieles sensibles<\/strong> y apto para <strong>beb\u00e9s<\/strong>.<\/p>\n<p><strong>MODO DE USO:<\/strong> Aplica la cantidad deseada de jab\u00f3n sobre la piel h\u00fameda, masajea y enjuaga.<\/p>\n<p><strong>INGREDIENTES:<\/strong> Olea Europea Oil, Aqua y Sodium Hydroxide.<\/p>\n<p><strong>Contenido:\u00a0<\/strong>55 g<\/p>\n","protected":false},"excerpt":{"rendered":"<p>Te traemos ingredientes 100% naturales para que tu piel se mantenga hermosa. Este jab\u00f3n de castilla es 100% natural y a base de aceite de oliva para una mayor humectaci\u00f3n. Recomendado para que lo uses en el rostro y cuerpo, es perfecto para pieles sensibles y apto para beb\u00e9s. MODO DE USO: Aplica la cantidad [&hellip;]<\/p>\n","protected":false},"featured_media":820,"comment_status":"open","ping_status":"closed","template":"","meta":{"_joinchat":[]},"product_cat":[20,32],"product_tag":[],"jetpack_sharing_enabled":true,"_links":{"self":[{"href":"https:\/\/pacuidarte.com\/index.php\/wp-json\/wp\/v2\/product\/252"}],"collection":[{"href":"https:\/\/pacuidarte.com\/index.php\/wp-json\/wp\/v2\/product"}],"about":[{"href":"https:\/\/pacuidarte.com\/index.php\/wp-json\/wp\/v2\/types\/product"}],"replies":[{"embeddable":true,"href":"https:\/\/pacuidarte.com\/index.php\/wp-json\/wp\/v2\/comments?post=252"}],"wp:featuredmedia":[{"embeddable":true,"href":"https:\/\/pacuidarte.com\/index.php\/wp-json\/wp\/v2\/media\/820"}],"wp:attachment":[{"href":"https:\/\/pacuidarte.com\/index.php\/wp-json\/wp\/v2\/media?parent=252"}],"wp:term":[{"taxonomy":"product_cat","embeddable":true,"href":"https:\/\/pacuidarte.com\/index.php\/wp-json\/wp\/v2\/product_cat?post=252"},{"taxonomy":"product_tag","embeddable":true,"href":"https:\/\/pacuidarte.com\/index.php\/wp-json\/wp\/v2\/product_tag?post=252"}],"curies":[{"name":"wp","href":"https:\/\/api.w.org\/{rel}","templated":true}]}}