{"id":249,"date":"2023-09-18T23:43:12","date_gmt":"2023-09-18T23:43:12","guid":{"rendered":"https:\/\/pacuidarte.com\/index.php\/producto\/jabon-facial-carbon-activado\/"},"modified":"2025-06-15T15:38:48","modified_gmt":"2025-06-15T20:38:48","slug":"jabon-facial-carbon-activado","status":"publish","type":"product","link":"https:\/\/pacuidarte.com\/index.php\/producto\/jabon-facial-carbon-activado\/","title":{"rendered":"Jab\u00f3n facial carb\u00f3n activado"},"content":{"rendered":"<p class=\"p1\">Jab\u00f3n para la cara hecho a mano con ingredientes\u00a0<b>100% naturales<span class=\"Apple-converted-space\">\u00a0\u00a0<\/span><\/b>que ayudan a eliminar impurezas para purificar la piel sin da\u00f1arla. Tiene una capacidad de absorci\u00f3n extremadamente poderosa que captura y elimina las impurezas\/toxinas sin da\u00f1ar la piel. La manteca de cacao presente en su composici\u00f3n proporcionar\u00e1 una acci\u00f3n curativa para la piel irritada o manchada.<\/p>\n<p class=\"p2\"><b>MODO DE USO:\u00a0<\/b>Humedece el rostro y frota el jab\u00f3n con las manos hasta obtener un poco de espuma. Aplica con la yema de los dedos, masajea y enjuaga. \u00dasalo tres o cuatro veces a la semana.<\/p>\n<p class=\"p2\"><b>PRECAUCIONES DE USO:\u00a0<\/b>Revisa los ingredientes para descartar alergias de alg\u00fan tipo.<\/p>\n<p><strong>Contenido:<\/strong> 55 g<\/p>\n","protected":false},"excerpt":{"rendered":"<p>Jab\u00f3n para la cara hecho a mano con ingredientes\u00a0100% naturales\u00a0\u00a0que ayudan a eliminar impurezas para purificar la piel sin da\u00f1arla. Tiene una capacidad de absorci\u00f3n extremadamente poderosa que captura y elimina las impurezas\/toxinas sin da\u00f1ar la piel. La manteca de cacao presente en su composici\u00f3n proporcionar\u00e1 una acci\u00f3n curativa para la piel irritada o manchada. [&hellip;]<\/p>\n","protected":false},"featured_media":856,"comment_status":"open","ping_status":"closed","template":"","meta":{"_joinchat":[]},"product_cat":[18],"product_tag":[],"jetpack_sharing_enabled":true,"_links":{"self":[{"href":"https:\/\/pacuidarte.com\/index.php\/wp-json\/wp\/v2\/product\/249"}],"collection":[{"href":"https:\/\/pacuidarte.com\/index.php\/wp-json\/wp\/v2\/product"}],"about":[{"href":"https:\/\/pacuidarte.com\/index.php\/wp-json\/wp\/v2\/types\/product"}],"replies":[{"embeddable":true,"href":"https:\/\/pacuidarte.com\/index.php\/wp-json\/wp\/v2\/comments?post=249"}],"wp:featuredmedia":[{"embeddable":true,"href":"https:\/\/pacuidarte.com\/index.php\/wp-json\/wp\/v2\/media\/856"}],"wp:attachment":[{"href":"https:\/\/pacuidarte.com\/index.php\/wp-json\/wp\/v2\/media?parent=249"}],"wp:term":[{"taxonomy":"product_cat","embeddable":true,"href":"https:\/\/pacuidarte.com\/index.php\/wp-json\/wp\/v2\/product_cat?post=249"},{"taxonomy":"product_tag","embeddable":true,"href":"https:\/\/pacuidarte.com\/index.php\/wp-json\/wp\/v2\/product_tag?post=249"}],"curies":[{"name":"wp","href":"https:\/\/api.w.org\/{rel}","templated":true}]}}