{"id":248,"date":"2023-09-18T23:43:12","date_gmt":"2023-09-18T23:43:12","guid":{"rendered":"https:\/\/pacuidarte.com\/index.php\/producto\/jabon-para-afeitar-solido\/"},"modified":"2025-04-17T18:05:48","modified_gmt":"2025-04-17T23:05:48","slug":"jabon-para-afeitar-solido","status":"publish","type":"product","link":"https:\/\/pacuidarte.com\/index.php\/producto\/jabon-para-afeitar-solido\/","title":{"rendered":"Jab\u00f3n para afeitar s\u00f3lido"},"content":{"rendered":"<p>Jab\u00f3n <strong>hecho a mano<\/strong> con ingredientes 100% naturales que nutre y protege la piel contra agresiones externas. Este producto contiene aceite de coco, de ricino y manteca de cacao que act\u00faan como calmante, cicatrizante y deslizante mientras te afeitas. Perfecto para aplicar en la cara y en el resto del cuerpo.<br \/>\nDise\u00f1ado para dejar la piel suave y sedosa.<\/p>\n<p><strong>MODO DE USO:<\/strong> Moja y frota el jab\u00f3n hasta sacar la cantidad de espuma deseada, luego aplica y afeita el \u00e1rea. Enjuaga al terminar.<\/p>\n<p><strong>COMPOSICI\u00d3N:<\/strong>\u00a0Ricinus Communis Oil, Cocos Nucifera Oil, Theobroma Cacao Butter, Glycerine, Kaolin, Aqua, Sodium Hydroxide, Potasium Hydroxide, Stearic Acid, Parfum \/ Fragance.<\/p>\n","protected":false},"excerpt":{"rendered":"<p>Jab\u00f3n hecho a mano con ingredientes 100% naturales que nutre y protege la piel contra agresiones externas. Este producto contiene aceite de coco, de ricino y manteca de cacao que act\u00faan como calmante, cicatrizante y deslizante mientras te afeitas. Perfecto para aplicar en la cara y en el resto del cuerpo. Dise\u00f1ado para dejar la [&hellip;]<\/p>\n","protected":false},"featured_media":931,"comment_status":"open","ping_status":"closed","template":"","meta":{"_joinchat":[]},"product_cat":[22,31],"product_tag":[],"jetpack_sharing_enabled":true,"_links":{"self":[{"href":"https:\/\/pacuidarte.com\/index.php\/wp-json\/wp\/v2\/product\/248"}],"collection":[{"href":"https:\/\/pacuidarte.com\/index.php\/wp-json\/wp\/v2\/product"}],"about":[{"href":"https:\/\/pacuidarte.com\/index.php\/wp-json\/wp\/v2\/types\/product"}],"replies":[{"embeddable":true,"href":"https:\/\/pacuidarte.com\/index.php\/wp-json\/wp\/v2\/comments?post=248"}],"wp:featuredmedia":[{"embeddable":true,"href":"https:\/\/pacuidarte.com\/index.php\/wp-json\/wp\/v2\/media\/931"}],"wp:attachment":[{"href":"https:\/\/pacuidarte.com\/index.php\/wp-json\/wp\/v2\/media?parent=248"}],"wp:term":[{"taxonomy":"product_cat","embeddable":true,"href":"https:\/\/pacuidarte.com\/index.php\/wp-json\/wp\/v2\/product_cat?post=248"},{"taxonomy":"product_tag","embeddable":true,"href":"https:\/\/pacuidarte.com\/index.php\/wp-json\/wp\/v2\/product_tag?post=248"}],"curies":[{"name":"wp","href":"https:\/\/api.w.org\/{rel}","templated":true}]}}