{"id":246,"date":"2023-09-18T23:43:12","date_gmt":"2023-09-18T23:43:12","guid":{"rendered":"https:\/\/pacuidarte.com\/index.php\/producto\/jabon-exfoliante-de-limon-y-amapola\/"},"modified":"2023-11-26T19:48:15","modified_gmt":"2023-11-27T00:48:15","slug":"jabon-exfoliante-de-limon-y-amapola","status":"publish","type":"product","link":"https:\/\/pacuidarte.com\/index.php\/producto\/jabon-exfoliante-de-limon-y-amapola\/","title":{"rendered":"Jab\u00f3n exfoliante de lim\u00f3n y amapola"},"content":{"rendered":"<p class=\"p1\">Nuestro jab\u00f3n exfoliante con notas de lim\u00f3n tiene una frescura en su fragancia. Dejar\u00e1 tu piel suave y calmada gracias a las semillas de la amapola y el lim\u00f3n. Tambi\u00e9n ofrecer\u00e1 un efecto anticelul\u00edtico ayudando a combatir el envejecimiento de la piel.<\/p>\n<p class=\"p1\"><b>MODO DE USO:\u00a0<\/b>El exfoliante corporal puede usarse 2 o 3 veces por semana en la ducha. Aplica suavemente el jab\u00f3n directamente sobre la piel con suaves movimientos circulares para no irritarla. Una vez que hayas aplicado el exfoliante, enjuaga.<\/p>\n<p><strong>Contenido:\u00a0<\/strong>55 g<\/p>\n","protected":false},"excerpt":{"rendered":"<p>Nuestro jab\u00f3n exfoliante con notas de lim\u00f3n tiene una frescura en su fragancia. Dejar\u00e1 tu piel suave y calmada gracias a las semillas de la amapola y el lim\u00f3n. Tambi\u00e9n ofrecer\u00e1 un efecto anticelul\u00edtico ayudando a combatir el envejecimiento de la piel. MODO DE USO:\u00a0El exfoliante corporal puede usarse 2 o 3 veces por semana [&hellip;]<\/p>\n","protected":false},"featured_media":853,"comment_status":"open","ping_status":"closed","template":"","meta":{"_joinchat":[]},"product_cat":[20],"product_tag":[],"jetpack_sharing_enabled":true,"_links":{"self":[{"href":"https:\/\/pacuidarte.com\/index.php\/wp-json\/wp\/v2\/product\/246"}],"collection":[{"href":"https:\/\/pacuidarte.com\/index.php\/wp-json\/wp\/v2\/product"}],"about":[{"href":"https:\/\/pacuidarte.com\/index.php\/wp-json\/wp\/v2\/types\/product"}],"replies":[{"embeddable":true,"href":"https:\/\/pacuidarte.com\/index.php\/wp-json\/wp\/v2\/comments?post=246"}],"wp:featuredmedia":[{"embeddable":true,"href":"https:\/\/pacuidarte.com\/index.php\/wp-json\/wp\/v2\/media\/853"}],"wp:attachment":[{"href":"https:\/\/pacuidarte.com\/index.php\/wp-json\/wp\/v2\/media?parent=246"}],"wp:term":[{"taxonomy":"product_cat","embeddable":true,"href":"https:\/\/pacuidarte.com\/index.php\/wp-json\/wp\/v2\/product_cat?post=246"},{"taxonomy":"product_tag","embeddable":true,"href":"https:\/\/pacuidarte.com\/index.php\/wp-json\/wp\/v2\/product_tag?post=246"}],"curies":[{"name":"wp","href":"https:\/\/api.w.org\/{rel}","templated":true}]}}