{"id":245,"date":"2023-09-18T23:43:12","date_gmt":"2023-09-18T23:43:12","guid":{"rendered":"https:\/\/pacuidarte.com\/index.php\/producto\/desmaquillante-solido\/"},"modified":"2025-03-30T19:02:19","modified_gmt":"2025-03-31T00:02:19","slug":"desmaquillante-solido","status":"publish","type":"product","link":"https:\/\/pacuidarte.com\/index.php\/producto\/desmaquillante-solido\/","title":{"rendered":"Desmaquillante s\u00f3lido"},"content":{"rendered":"<p class=\"p1\">Este desmaquillante 100% natural contiene aceite de coco que junto con el SCI limpian profundamente tu rostro removiendo todo el rastro de maquillaje y dejando tu piel suave.<\/p>\n<p class=\"p1\">El aceite de lavanda tiene propiedades purificadoras y es un poderoso agente reparador y regenerador de la piel. Al utilizarlo, desprender\u00e1 un aroma ligero y fresco.<\/p>\n<p class=\"p1\">Este producto es perfecto para el uso diario.<\/p>\n<p class=\"p2\">Para usarlo frota el desmaquillante h\u00famedo sobre la cara humedecida para generar una fina espuma. Masajea suavemente el rostro para desmaquillarlo y enjuaga muy bien. Puedes aplicarlo en los ojos sin ning\u00fan problema.<\/p>\n<p class=\"p2\"><strong>Precauciones de uso<\/strong>: Evitar el contacto con los ojos. En caso de contacto, lavar con abundante agua. No se recomienda en mujeres embarazadas o en per\u00edodo de lactancia. S\u00f3lo para uso en adultos. No utilizar si se es al\u00e9rgico a alguno de los ingredientes.<\/p>\n<p>Conserve el producto en un lugar seco despu\u00e9s de su uso.<\/p>\n","protected":false},"excerpt":{"rendered":"<p>Este desmaquillante 100% natural contiene aceite de coco que junto con el SCI limpian profundamente tu rostro removiendo todo el rastro de maquillaje y dejando tu piel suave. El aceite de lavanda tiene propiedades purificadoras y es un poderoso agente reparador y regenerador de la piel. Al utilizarlo, desprender\u00e1 un aroma ligero y fresco. Este [&hellip;]<\/p>\n","protected":false},"featured_media":846,"comment_status":"open","ping_status":"closed","template":"","meta":{"_joinchat":[]},"product_cat":[18],"product_tag":[57,172,99,58,174,173,170,171,79,169,131],"jetpack_sharing_enabled":true,"_links":{"self":[{"href":"https:\/\/pacuidarte.com\/index.php\/wp-json\/wp\/v2\/product\/245"}],"collection":[{"href":"https:\/\/pacuidarte.com\/index.php\/wp-json\/wp\/v2\/product"}],"about":[{"href":"https:\/\/pacuidarte.com\/index.php\/wp-json\/wp\/v2\/types\/product"}],"replies":[{"embeddable":true,"href":"https:\/\/pacuidarte.com\/index.php\/wp-json\/wp\/v2\/comments?post=245"}],"wp:featuredmedia":[{"embeddable":true,"href":"https:\/\/pacuidarte.com\/index.php\/wp-json\/wp\/v2\/media\/846"}],"wp:attachment":[{"href":"https:\/\/pacuidarte.com\/index.php\/wp-json\/wp\/v2\/media?parent=245"}],"wp:term":[{"taxonomy":"product_cat","embeddable":true,"href":"https:\/\/pacuidarte.com\/index.php\/wp-json\/wp\/v2\/product_cat?post=245"},{"taxonomy":"product_tag","embeddable":true,"href":"https:\/\/pacuidarte.com\/index.php\/wp-json\/wp\/v2\/product_tag?post=245"}],"curies":[{"name":"wp","href":"https:\/\/api.w.org\/{rel}","templated":true}]}}