{"id":244,"date":"2023-09-18T23:43:11","date_gmt":"2023-09-18T23:43:11","guid":{"rendered":"https:\/\/pacuidarte.com\/index.php\/producto\/crema-corporal-solida\/"},"modified":"2024-05-18T16:39:35","modified_gmt":"2024-05-18T21:39:35","slug":"crema-corporal-solida","status":"publish","type":"product","link":"https:\/\/pacuidarte.com\/index.php\/producto\/crema-corporal-solida\/","title":{"rendered":"Crema corporal s\u00f3lida"},"content":{"rendered":"<p class=\"p1\">Nuestra crema humectante s\u00f3lida nutre profundamente tu piel gracias a la combinaci\u00f3n de manteca de cacao, aceite de ricino y aceite de coco que la convierte en un aliado para pieles <strong>secas, da\u00f1adas o deshidratadas<\/strong>. Tambi\u00e9n sirve para combatir el <strong>envejecimiento de la piel<\/strong>. Este producto no obstruir\u00e1 los poros de la piel, al contrario, nutrir\u00e1 profundamente y dejar\u00e1 que la piel respire.<\/p>\n<p><strong>Contenido:<\/strong> 60 g<\/p>\n<p class=\"p1\"><b>MODO DE USO:<\/b>\u00a0Aplica directamente sobre tu piel en peque\u00f1as \u00e1reas para luego extender con las manos. Ideal para\u00a0pieles normales\u00a0o secas, se puede aplicar en el cuerpo como barra de masaje, no usar en rostro.<\/p>\n<p class=\"p2\"><b>COMPOSICI\u00d3N:\u00a0<\/b><i>Manteca de cacao de Theobroma, aceite de Cocos nucifera, aceite de Ricinus communis, cera de abeja, tocoferol.<\/i><\/p>\n<p class=\"p2\"><b>PRECAUCIONES DE USO:<\/b>\u00a0Revisa los ingredientes para descartar alergias de alg\u00fan tipo.<\/p>\n","protected":false},"excerpt":{"rendered":"<p>Nuestra crema humectante s\u00f3lida nutre profundamente tu piel gracias a la combinaci\u00f3n de manteca de cacao, aceite de ricino y aceite de coco que la convierte en un aliado para pieles secas, da\u00f1adas o deshidratadas. Tambi\u00e9n sirve para combatir el envejecimiento de la piel. Este producto no obstruir\u00e1 los poros de la piel, al contrario, [&hellip;]<\/p>\n","protected":false},"featured_media":539,"comment_status":"open","ping_status":"closed","template":"","meta":{"_joinchat":[]},"product_cat":[20],"product_tag":[129,82,140,74,59,139,138,131,83],"jetpack_sharing_enabled":true,"_links":{"self":[{"href":"https:\/\/pacuidarte.com\/index.php\/wp-json\/wp\/v2\/product\/244"}],"collection":[{"href":"https:\/\/pacuidarte.com\/index.php\/wp-json\/wp\/v2\/product"}],"about":[{"href":"https:\/\/pacuidarte.com\/index.php\/wp-json\/wp\/v2\/types\/product"}],"replies":[{"embeddable":true,"href":"https:\/\/pacuidarte.com\/index.php\/wp-json\/wp\/v2\/comments?post=244"}],"wp:featuredmedia":[{"embeddable":true,"href":"https:\/\/pacuidarte.com\/index.php\/wp-json\/wp\/v2\/media\/539"}],"wp:attachment":[{"href":"https:\/\/pacuidarte.com\/index.php\/wp-json\/wp\/v2\/media?parent=244"}],"wp:term":[{"taxonomy":"product_cat","embeddable":true,"href":"https:\/\/pacuidarte.com\/index.php\/wp-json\/wp\/v2\/product_cat?post=244"},{"taxonomy":"product_tag","embeddable":true,"href":"https:\/\/pacuidarte.com\/index.php\/wp-json\/wp\/v2\/product_tag?post=244"}],"curies":[{"name":"wp","href":"https:\/\/api.w.org\/{rel}","templated":true}]}}